{"id":56,"date":"2023-02-02T22:04:18","date_gmt":"2023-02-02T22:04:18","guid":{"rendered":"http:\/\/retro-forma.com\/tr\/turkiye\/giresunspor\/"},"modified":"2023-02-02T22:04:18","modified_gmt":"2023-02-02T22:04:18","slug":"giresunspor","status":"publish","type":"page","link":"https:\/\/retro-forma.com\/tr\/turkiye\/giresunspor\/","title":{"rendered":"Giresunspor"},"content":{"rendered":"<p>Giresunspor, 1967 y\u0131l\u0131nda kurulmu\u015f bir T\u00fcrk futbol kul\u00fcb\u00fcd\u00fcr. Kul\u00fcb\u00fcn stadyumu Giresun Atat\u00fcrk Stadyumu&#8217;dur ve kapasitesi 16.000&#8217;dir. Giresunspor&#8217;un retro formas\u0131, mavi ve beyaz renklerinin kombinasyonuyla olu\u015fturulmu\u015ftur. Forma, kul\u00fcb\u00fcn kurulu\u015fundan bu yana kullan\u0131lmaktad\u0131r.<\/p>\n<p>&nbsp;<\/p>\n<p>&nbsp;<\/p>\n<p>Stadyum: \u00c7otanak Stadyumu<\/p>\n<p>Adres: Aksu, Giresun<\/p>\n<p>Kapasite: 22028<\/p>\n<p><img decoding=\"async\" src=\"https:\/\/media-3.api-sports.io\/football\/venues\/12089.png\" \/><\/p>\n<p>&nbsp;<\/p>\n<p>Temelde: 1967<\/p>\n","protected":false},"excerpt":{"rendered":"<p>Giresunspor, T\u00fcrkiye&#8217;de k\u00f6kl\u00fc bir futbol kul\u00fcb\u00fcd\u00fcr. Giresunspor, retro forma ile \u00fcnl\u00fcd\u00fcr. Giresunspor, kul\u00fcb\u00fcn k\u00f6kl\u00fc tarihini ve k\u00fclt\u00fcr\u00fcn\u00fc yans\u0131tan klasik bir g\u00f6r\u00fcn\u00fcme sahiptir. Giresunspor, kul\u00fcb\u00fcn k\u00f6kl\u00fc tarihini ve k\u00fclt\u00fcr\u00fcn\u00fc yans\u0131tan klasik bir g\u00f6r\u00fcn\u00fcme sahiptir. Giresunspor, kul\u00fcb\u00fcn k\u00f6<\/p>\n","protected":false},"author":1,"featured_media":57,"parent":6,"menu_order":0,"comment_status":"open","ping_status":"open","template":"","meta":{"inline_featured_image":false,"footnotes":""},"class_list":["post-56","page","type-page","status-publish","has-post-thumbnail","hentry"],"yoast_head":"<!-- This site is optimized with the Yoast SEO plugin v20.0 - https:\/\/yoast.com\/wordpress\/plugins\/seo\/ -->\n<title>Retro Giresunspor forma. Ceket \/ formas\u0131<\/title>\n<meta name=\"description\" content=\"Giresunspor&#039;da, kul\u00fcp ve retro ti\u015f\u00f6rtleriyle klasik tarz\u0131n\u0131z\u0131 g\u00fcncelleyin! Giresunspor&#039;da, klasik tarz\u0131n\u0131z\u0131 g\u00fcncelleyebilece\u011finiz kul\u00fcp ve retro ti\u015f\u00f6rtleriyle e\u011flenin!\" \/>\n<meta name=\"robots\" content=\"index, follow, max-snippet:-1, max-image-preview:large, max-video-preview:-1\" \/>\n<link rel=\"canonical\" href=\"https:\/\/retro-forma.com\/tr\/turkiye\/giresunspor\/\" \/>\n<meta property=\"og:locale\" content=\"da_DK\" \/>\n<meta property=\"og:type\" content=\"article\" \/>\n<meta property=\"og:title\" content=\"Retro Giresunspor forma. Ceket \/ formas\u0131\" \/>\n<meta property=\"og:description\" content=\"Giresunspor&#039;da, kul\u00fcp ve retro ti\u015f\u00f6rtleriyle klasik tarz\u0131n\u0131z\u0131 g\u00fcncelleyin! Giresunspor&#039;da, klasik tarz\u0131n\u0131z\u0131 g\u00fcncelleyebilece\u011finiz kul\u00fcp ve retro ti\u015f\u00f6rtleriyle e\u011flenin!\" \/>\n<meta property=\"og:url\" content=\"https:\/\/retro-forma.com\/tr\/turkiye\/giresunspor\/\" \/>\n<meta property=\"og:site_name\" content=\"Retro Forma\" \/>\n<meta property=\"og:image\" content=\"https:\/\/retro-forma.com\/tr\/wp-content\/uploads\/2023\/02\/3574.png\" \/>\n\t<meta property=\"og:image:width\" content=\"150\" \/>\n\t<meta property=\"og:image:height\" content=\"150\" \/>\n\t<meta property=\"og:image:type\" content=\"image\/png\" \/>\n<meta name=\"twitter:card\" content=\"summary_large_image\" \/>\n<script type=\"application\/ld+json\" class=\"yoast-schema-graph\">{\"@context\":\"https:\/\/schema.org\",\"@graph\":[{\"@type\":\"WebPage\",\"@id\":\"https:\/\/retro-forma.com\/tr\/turkiye\/giresunspor\/\",\"url\":\"https:\/\/retro-forma.com\/tr\/turkiye\/giresunspor\/\",\"name\":\"Retro Giresunspor forma. Ceket \/ formas\u0131\",\"isPartOf\":{\"@id\":\"https:\/\/retro-forma.com\/tr\/#website\"},\"datePublished\":\"2023-02-02T22:04:18+00:00\",\"dateModified\":\"2023-02-02T22:04:18+00:00\",\"description\":\"Giresunspor'da, kul\u00fcp ve retro ti\u015f\u00f6rtleriyle klasik tarz\u0131n\u0131z\u0131 g\u00fcncelleyin! Giresunspor'da, klasik tarz\u0131n\u0131z\u0131 g\u00fcncelleyebilece\u011finiz kul\u00fcp ve retro ti\u015f\u00f6rtleriyle e\u011flenin!\",\"breadcrumb\":{\"@id\":\"https:\/\/retro-forma.com\/tr\/turkiye\/giresunspor\/#breadcrumb\"},\"inLanguage\":\"da-DK\",\"potentialAction\":[{\"@type\":\"ReadAction\",\"target\":[\"https:\/\/retro-forma.com\/tr\/turkiye\/giresunspor\/\"]}]},{\"@type\":\"BreadcrumbList\",\"@id\":\"https:\/\/retro-forma.com\/tr\/turkiye\/giresunspor\/#breadcrumb\",\"itemListElement\":[{\"@type\":\"ListItem\",\"position\":1,\"name\":\"Hjem\",\"item\":\"https:\/\/retro-forma.com\/tr\/\"},{\"@type\":\"ListItem\",\"position\":2,\"name\":\"T\u00fcrkiye\",\"item\":\"https:\/\/retro-forma.com\/tr\/turkiye\/\"},{\"@type\":\"ListItem\",\"position\":3,\"name\":\"Giresunspor\"}]},{\"@type\":\"WebSite\",\"@id\":\"https:\/\/retro-forma.com\/tr\/#website\",\"url\":\"https:\/\/retro-forma.com\/tr\/\",\"name\":\"Retro Forma\",\"description\":\"\",\"publisher\":{\"@id\":\"https:\/\/retro-forma.com\/tr\/#organization\"},\"potentialAction\":[{\"@type\":\"SearchAction\",\"target\":{\"@type\":\"EntryPoint\",\"urlTemplate\":\"https:\/\/retro-forma.com\/tr\/?s={search_term_string}\"},\"query-input\":\"required name=search_term_string\"}],\"inLanguage\":\"da-DK\"},{\"@type\":\"Organization\",\"@id\":\"https:\/\/retro-forma.com\/tr\/#organization\",\"name\":\"Retro Forma\",\"url\":\"https:\/\/retro-forma.com\/tr\/\",\"logo\":{\"@type\":\"ImageObject\",\"inLanguage\":\"da-DK\",\"@id\":\"https:\/\/retro-forma.com\/tr\/#\/schema\/logo\/image\/\",\"url\":\"https:\/\/retro-forma.com\/tr\/wp-content\/uploads\/2023\/02\/Retro-troeje.png\",\"contentUrl\":\"https:\/\/retro-forma.com\/tr\/wp-content\/uploads\/2023\/02\/Retro-troeje.png\",\"width\":250,\"height\":100,\"caption\":\"Retro Forma\"},\"image\":{\"@id\":\"https:\/\/retro-forma.com\/tr\/#\/schema\/logo\/image\/\"}}]}<\/script>\n<!-- \/ Yoast SEO plugin. -->","yoast_head_json":{"title":"Retro Giresunspor forma. Ceket \/ formas\u0131","description":"Giresunspor'da, kul\u00fcp ve retro ti\u015f\u00f6rtleriyle klasik tarz\u0131n\u0131z\u0131 g\u00fcncelleyin! Giresunspor'da, klasik tarz\u0131n\u0131z\u0131 g\u00fcncelleyebilece\u011finiz kul\u00fcp ve retro ti\u015f\u00f6rtleriyle e\u011flenin!","robots":{"index":"index","follow":"follow","max-snippet":"max-snippet:-1","max-image-preview":"max-image-preview:large","max-video-preview":"max-video-preview:-1"},"canonical":"https:\/\/retro-forma.com\/tr\/turkiye\/giresunspor\/","og_locale":"da_DK","og_type":"article","og_title":"Retro Giresunspor forma. Ceket \/ formas\u0131","og_description":"Giresunspor'da, kul\u00fcp ve retro ti\u015f\u00f6rtleriyle klasik tarz\u0131n\u0131z\u0131 g\u00fcncelleyin! Giresunspor'da, klasik tarz\u0131n\u0131z\u0131 g\u00fcncelleyebilece\u011finiz kul\u00fcp ve retro ti\u015f\u00f6rtleriyle e\u011flenin!","og_url":"https:\/\/retro-forma.com\/tr\/turkiye\/giresunspor\/","og_site_name":"Retro Forma","og_image":[{"width":150,"height":150,"url":"https:\/\/retro-forma.com\/tr\/wp-content\/uploads\/2023\/02\/3574.png","type":"image\/png"}],"twitter_card":"summary_large_image","schema":{"@context":"https:\/\/schema.org","@graph":[{"@type":"WebPage","@id":"https:\/\/retro-forma.com\/tr\/turkiye\/giresunspor\/","url":"https:\/\/retro-forma.com\/tr\/turkiye\/giresunspor\/","name":"Retro Giresunspor forma. Ceket \/ formas\u0131","isPartOf":{"@id":"https:\/\/retro-forma.com\/tr\/#website"},"datePublished":"2023-02-02T22:04:18+00:00","dateModified":"2023-02-02T22:04:18+00:00","description":"Giresunspor'da, kul\u00fcp ve retro ti\u015f\u00f6rtleriyle klasik tarz\u0131n\u0131z\u0131 g\u00fcncelleyin! Giresunspor'da, klasik tarz\u0131n\u0131z\u0131 g\u00fcncelleyebilece\u011finiz kul\u00fcp ve retro ti\u015f\u00f6rtleriyle e\u011flenin!","breadcrumb":{"@id":"https:\/\/retro-forma.com\/tr\/turkiye\/giresunspor\/#breadcrumb"},"inLanguage":"da-DK","potentialAction":[{"@type":"ReadAction","target":["https:\/\/retro-forma.com\/tr\/turkiye\/giresunspor\/"]}]},{"@type":"BreadcrumbList","@id":"https:\/\/retro-forma.com\/tr\/turkiye\/giresunspor\/#breadcrumb","itemListElement":[{"@type":"ListItem","position":1,"name":"Hjem","item":"https:\/\/retro-forma.com\/tr\/"},{"@type":"ListItem","position":2,"name":"T\u00fcrkiye","item":"https:\/\/retro-forma.com\/tr\/turkiye\/"},{"@type":"ListItem","position":3,"name":"Giresunspor"}]},{"@type":"WebSite","@id":"https:\/\/retro-forma.com\/tr\/#website","url":"https:\/\/retro-forma.com\/tr\/","name":"Retro Forma","description":"","publisher":{"@id":"https:\/\/retro-forma.com\/tr\/#organization"},"potentialAction":[{"@type":"SearchAction","target":{"@type":"EntryPoint","urlTemplate":"https:\/\/retro-forma.com\/tr\/?s={search_term_string}"},"query-input":"required name=search_term_string"}],"inLanguage":"da-DK"},{"@type":"Organization","@id":"https:\/\/retro-forma.com\/tr\/#organization","name":"Retro Forma","url":"https:\/\/retro-forma.com\/tr\/","logo":{"@type":"ImageObject","inLanguage":"da-DK","@id":"https:\/\/retro-forma.com\/tr\/#\/schema\/logo\/image\/","url":"https:\/\/retro-forma.com\/tr\/wp-content\/uploads\/2023\/02\/Retro-troeje.png","contentUrl":"https:\/\/retro-forma.com\/tr\/wp-content\/uploads\/2023\/02\/Retro-troeje.png","width":250,"height":100,"caption":"Retro Forma"},"image":{"@id":"https:\/\/retro-forma.com\/tr\/#\/schema\/logo\/image\/"}}]}},"_links":{"self":[{"href":"https:\/\/retro-forma.com\/tr\/wp-json\/wp\/v2\/pages\/56","targetHints":{"allow":["GET"]}}],"collection":[{"href":"https:\/\/retro-forma.com\/tr\/wp-json\/wp\/v2\/pages"}],"about":[{"href":"https:\/\/retro-forma.com\/tr\/wp-json\/wp\/v2\/types\/page"}],"author":[{"embeddable":true,"href":"https:\/\/retro-forma.com\/tr\/wp-json\/wp\/v2\/users\/1"}],"replies":[{"embeddable":true,"href":"https:\/\/retro-forma.com\/tr\/wp-json\/wp\/v2\/comments?post=56"}],"version-history":[{"count":1,"href":"https:\/\/retro-forma.com\/tr\/wp-json\/wp\/v2\/pages\/56\/revisions"}],"predecessor-version":[{"id":105,"href":"https:\/\/retro-forma.com\/tr\/wp-json\/wp\/v2\/pages\/56\/revisions\/105"}],"up":[{"embeddable":true,"href":"https:\/\/retro-forma.com\/tr\/wp-json\/wp\/v2\/pages\/6"}],"wp:featuredmedia":[{"embeddable":true,"href":"https:\/\/retro-forma.com\/tr\/wp-json\/wp\/v2\/media\/57"}],"wp:attachment":[{"href":"https:\/\/retro-forma.com\/tr\/wp-json\/wp\/v2\/media?parent=56"}],"curies":[{"name":"wp","href":"https:\/\/api.w.org\/{rel}","templated":true}]}}