{"id":38,"date":"2023-02-02T22:04:18","date_gmt":"2023-02-02T22:04:18","guid":{"rendered":"http:\/\/retro-forma.com\/tr\/turkiye\/alanyaspor\/"},"modified":"2023-02-02T22:04:18","modified_gmt":"2023-02-02T22:04:18","slug":"alanyaspor","status":"publish","type":"page","link":"https:\/\/retro-forma.com\/tr\/turkiye\/alanyaspor\/","title":{"rendered":"Alanyaspor"},"content":{"rendered":"<p>Alanyaspor, 2015 y\u0131l\u0131nda kurulmu\u015f bir T\u00fcrk futbol kul\u00fcb\u00fcd\u00fcr. Kul\u00fcb\u00fcn stadyumu Alanya Oba Stadyumu&#8217;dur ve kapasitesi 15.000&#8217;dir. Alanyaspor&#8217;un retro formas\u0131, mavi ve beyaz renklerinin kombinasyonuyla olu\u015fturulmu\u015ftur. Forma, kul\u00fcb\u00fcn kurulu\u015fundan bu yana ayn\u0131 renkleri ta\u015f\u0131maktad\u0131r.<\/p>\n<p>&nbsp;<\/p>\n<p>&nbsp;<\/p>\n<p>Stadyum: K\u0131rb\u0131y\u0131k Holding Stadyumu<\/p>\n<p>Adres: Sar\u0131kad\u0131o\u011flu Caddesi, Oba, Obak\u00f6y, Alanya<\/p>\n<p>Kapasite: 15000<\/p>\n<p><img decoding=\"async\" src=\"https:\/\/media.api-sports.io\/football\/venues\/19219.png\" \/><\/p>\n<p>&nbsp;<\/p>\n<p>Temelde: 1948<\/p>\n","protected":false},"excerpt":{"rendered":"<p>Retro Jersey ile kul\u00fcb\u00fcn tarihini ve k\u00fclt\u00fcr\u00fcn\u00fc yans\u0131tan Alanyaspor, T\u00fcrkiye&#8217;de futbol tutkunlar\u0131n\u0131n sevdi\u011fi bir kul\u00fcpt\u00fcr. Kul\u00fcp, k\u00f6kl\u00fc bir ge\u00e7mi\u015fe sahiptir ve \u00e7ok say\u0131da taraftar\u0131 vard\u0131r. Alanyaspor, kul\u00fcp tarihinde \u00f6nemli ba\u015far\u0131lar elde etmi\u015ftir ve kul\u00fcp, retro jersey ile bu ba\u015far\u0131lar\u0131n\u0131n hat\u0131ras\u0131n\u0131<\/p>\n","protected":false},"author":1,"featured_media":39,"parent":6,"menu_order":0,"comment_status":"open","ping_status":"open","template":"","meta":{"inline_featured_image":false,"footnotes":""},"class_list":["post-38","page","type-page","status-publish","has-post-thumbnail","hentry"],"yoast_head":"<!-- This site is optimized with the Yoast SEO plugin v20.0 - https:\/\/yoast.com\/wordpress\/plugins\/seo\/ -->\n<title>Retro Alanyaspor forma. Ceket \/ formas\u0131<\/title>\n<meta name=\"description\" content=\"G\u00fcnl\u00fck hayat\u0131n\u0131z\u0131n stresinden uzakla\u015fmak i\u00e7in Alanyaspor&#039;a kat\u0131l\u0131n! Alanyaspor&#039;un kul\u00fcp ve retro ti\u015f\u00f6rtleriyle g\u00fcnl\u00fck hayat\u0131n\u0131z\u0131n stresinden uzakla\u015f\u0131n ve kendinizi \u00f6zel hissedin!\" \/>\n<meta name=\"robots\" content=\"index, follow, max-snippet:-1, max-image-preview:large, max-video-preview:-1\" \/>\n<link rel=\"canonical\" href=\"https:\/\/retro-forma.com\/tr\/turkiye\/alanyaspor\/\" \/>\n<meta property=\"og:locale\" content=\"da_DK\" \/>\n<meta property=\"og:type\" content=\"article\" \/>\n<meta property=\"og:title\" content=\"Retro Alanyaspor forma. Ceket \/ formas\u0131\" \/>\n<meta property=\"og:description\" content=\"G\u00fcnl\u00fck hayat\u0131n\u0131z\u0131n stresinden uzakla\u015fmak i\u00e7in Alanyaspor&#039;a kat\u0131l\u0131n! Alanyaspor&#039;un kul\u00fcp ve retro ti\u015f\u00f6rtleriyle g\u00fcnl\u00fck hayat\u0131n\u0131z\u0131n stresinden uzakla\u015f\u0131n ve kendinizi \u00f6zel hissedin!\" \/>\n<meta property=\"og:url\" content=\"https:\/\/retro-forma.com\/tr\/turkiye\/alanyaspor\/\" \/>\n<meta property=\"og:site_name\" content=\"Retro Forma\" \/>\n<meta property=\"og:image\" content=\"https:\/\/retro-forma.com\/tr\/wp-content\/uploads\/2023\/02\/996.png\" \/>\n\t<meta property=\"og:image:width\" content=\"150\" \/>\n\t<meta property=\"og:image:height\" content=\"150\" \/>\n\t<meta property=\"og:image:type\" content=\"image\/png\" \/>\n<meta name=\"twitter:card\" content=\"summary_large_image\" \/>\n<script type=\"application\/ld+json\" class=\"yoast-schema-graph\">{\"@context\":\"https:\/\/schema.org\",\"@graph\":[{\"@type\":\"WebPage\",\"@id\":\"https:\/\/retro-forma.com\/tr\/turkiye\/alanyaspor\/\",\"url\":\"https:\/\/retro-forma.com\/tr\/turkiye\/alanyaspor\/\",\"name\":\"Retro Alanyaspor forma. Ceket \/ formas\u0131\",\"isPartOf\":{\"@id\":\"https:\/\/retro-forma.com\/tr\/#website\"},\"datePublished\":\"2023-02-02T22:04:18+00:00\",\"dateModified\":\"2023-02-02T22:04:18+00:00\",\"description\":\"G\u00fcnl\u00fck hayat\u0131n\u0131z\u0131n stresinden uzakla\u015fmak i\u00e7in Alanyaspor'a kat\u0131l\u0131n! Alanyaspor'un kul\u00fcp ve retro ti\u015f\u00f6rtleriyle g\u00fcnl\u00fck hayat\u0131n\u0131z\u0131n stresinden uzakla\u015f\u0131n ve kendinizi \u00f6zel hissedin!\",\"breadcrumb\":{\"@id\":\"https:\/\/retro-forma.com\/tr\/turkiye\/alanyaspor\/#breadcrumb\"},\"inLanguage\":\"da-DK\",\"potentialAction\":[{\"@type\":\"ReadAction\",\"target\":[\"https:\/\/retro-forma.com\/tr\/turkiye\/alanyaspor\/\"]}]},{\"@type\":\"BreadcrumbList\",\"@id\":\"https:\/\/retro-forma.com\/tr\/turkiye\/alanyaspor\/#breadcrumb\",\"itemListElement\":[{\"@type\":\"ListItem\",\"position\":1,\"name\":\"Hjem\",\"item\":\"https:\/\/retro-forma.com\/tr\/\"},{\"@type\":\"ListItem\",\"position\":2,\"name\":\"T\u00fcrkiye\",\"item\":\"https:\/\/retro-forma.com\/tr\/turkiye\/\"},{\"@type\":\"ListItem\",\"position\":3,\"name\":\"Alanyaspor\"}]},{\"@type\":\"WebSite\",\"@id\":\"https:\/\/retro-forma.com\/tr\/#website\",\"url\":\"https:\/\/retro-forma.com\/tr\/\",\"name\":\"Retro Forma\",\"description\":\"\",\"publisher\":{\"@id\":\"https:\/\/retro-forma.com\/tr\/#organization\"},\"potentialAction\":[{\"@type\":\"SearchAction\",\"target\":{\"@type\":\"EntryPoint\",\"urlTemplate\":\"https:\/\/retro-forma.com\/tr\/?s={search_term_string}\"},\"query-input\":\"required name=search_term_string\"}],\"inLanguage\":\"da-DK\"},{\"@type\":\"Organization\",\"@id\":\"https:\/\/retro-forma.com\/tr\/#organization\",\"name\":\"Retro Forma\",\"url\":\"https:\/\/retro-forma.com\/tr\/\",\"logo\":{\"@type\":\"ImageObject\",\"inLanguage\":\"da-DK\",\"@id\":\"https:\/\/retro-forma.com\/tr\/#\/schema\/logo\/image\/\",\"url\":\"https:\/\/retro-forma.com\/tr\/wp-content\/uploads\/2023\/02\/Retro-troeje.png\",\"contentUrl\":\"https:\/\/retro-forma.com\/tr\/wp-content\/uploads\/2023\/02\/Retro-troeje.png\",\"width\":250,\"height\":100,\"caption\":\"Retro Forma\"},\"image\":{\"@id\":\"https:\/\/retro-forma.com\/tr\/#\/schema\/logo\/image\/\"}}]}<\/script>\n<!-- \/ Yoast SEO plugin. -->","yoast_head_json":{"title":"Retro Alanyaspor forma. Ceket \/ formas\u0131","description":"G\u00fcnl\u00fck hayat\u0131n\u0131z\u0131n stresinden uzakla\u015fmak i\u00e7in Alanyaspor'a kat\u0131l\u0131n! Alanyaspor'un kul\u00fcp ve retro ti\u015f\u00f6rtleriyle g\u00fcnl\u00fck hayat\u0131n\u0131z\u0131n stresinden uzakla\u015f\u0131n ve kendinizi \u00f6zel hissedin!","robots":{"index":"index","follow":"follow","max-snippet":"max-snippet:-1","max-image-preview":"max-image-preview:large","max-video-preview":"max-video-preview:-1"},"canonical":"https:\/\/retro-forma.com\/tr\/turkiye\/alanyaspor\/","og_locale":"da_DK","og_type":"article","og_title":"Retro Alanyaspor forma. Ceket \/ formas\u0131","og_description":"G\u00fcnl\u00fck hayat\u0131n\u0131z\u0131n stresinden uzakla\u015fmak i\u00e7in Alanyaspor'a kat\u0131l\u0131n! Alanyaspor'un kul\u00fcp ve retro ti\u015f\u00f6rtleriyle g\u00fcnl\u00fck hayat\u0131n\u0131z\u0131n stresinden uzakla\u015f\u0131n ve kendinizi \u00f6zel hissedin!","og_url":"https:\/\/retro-forma.com\/tr\/turkiye\/alanyaspor\/","og_site_name":"Retro Forma","og_image":[{"width":150,"height":150,"url":"https:\/\/retro-forma.com\/tr\/wp-content\/uploads\/2023\/02\/996.png","type":"image\/png"}],"twitter_card":"summary_large_image","schema":{"@context":"https:\/\/schema.org","@graph":[{"@type":"WebPage","@id":"https:\/\/retro-forma.com\/tr\/turkiye\/alanyaspor\/","url":"https:\/\/retro-forma.com\/tr\/turkiye\/alanyaspor\/","name":"Retro Alanyaspor forma. Ceket \/ formas\u0131","isPartOf":{"@id":"https:\/\/retro-forma.com\/tr\/#website"},"datePublished":"2023-02-02T22:04:18+00:00","dateModified":"2023-02-02T22:04:18+00:00","description":"G\u00fcnl\u00fck hayat\u0131n\u0131z\u0131n stresinden uzakla\u015fmak i\u00e7in Alanyaspor'a kat\u0131l\u0131n! Alanyaspor'un kul\u00fcp ve retro ti\u015f\u00f6rtleriyle g\u00fcnl\u00fck hayat\u0131n\u0131z\u0131n stresinden uzakla\u015f\u0131n ve kendinizi \u00f6zel hissedin!","breadcrumb":{"@id":"https:\/\/retro-forma.com\/tr\/turkiye\/alanyaspor\/#breadcrumb"},"inLanguage":"da-DK","potentialAction":[{"@type":"ReadAction","target":["https:\/\/retro-forma.com\/tr\/turkiye\/alanyaspor\/"]}]},{"@type":"BreadcrumbList","@id":"https:\/\/retro-forma.com\/tr\/turkiye\/alanyaspor\/#breadcrumb","itemListElement":[{"@type":"ListItem","position":1,"name":"Hjem","item":"https:\/\/retro-forma.com\/tr\/"},{"@type":"ListItem","position":2,"name":"T\u00fcrkiye","item":"https:\/\/retro-forma.com\/tr\/turkiye\/"},{"@type":"ListItem","position":3,"name":"Alanyaspor"}]},{"@type":"WebSite","@id":"https:\/\/retro-forma.com\/tr\/#website","url":"https:\/\/retro-forma.com\/tr\/","name":"Retro Forma","description":"","publisher":{"@id":"https:\/\/retro-forma.com\/tr\/#organization"},"potentialAction":[{"@type":"SearchAction","target":{"@type":"EntryPoint","urlTemplate":"https:\/\/retro-forma.com\/tr\/?s={search_term_string}"},"query-input":"required name=search_term_string"}],"inLanguage":"da-DK"},{"@type":"Organization","@id":"https:\/\/retro-forma.com\/tr\/#organization","name":"Retro Forma","url":"https:\/\/retro-forma.com\/tr\/","logo":{"@type":"ImageObject","inLanguage":"da-DK","@id":"https:\/\/retro-forma.com\/tr\/#\/schema\/logo\/image\/","url":"https:\/\/retro-forma.com\/tr\/wp-content\/uploads\/2023\/02\/Retro-troeje.png","contentUrl":"https:\/\/retro-forma.com\/tr\/wp-content\/uploads\/2023\/02\/Retro-troeje.png","width":250,"height":100,"caption":"Retro Forma"},"image":{"@id":"https:\/\/retro-forma.com\/tr\/#\/schema\/logo\/image\/"}}]}},"_links":{"self":[{"href":"https:\/\/retro-forma.com\/tr\/wp-json\/wp\/v2\/pages\/38","targetHints":{"allow":["GET"]}}],"collection":[{"href":"https:\/\/retro-forma.com\/tr\/wp-json\/wp\/v2\/pages"}],"about":[{"href":"https:\/\/retro-forma.com\/tr\/wp-json\/wp\/v2\/types\/page"}],"author":[{"embeddable":true,"href":"https:\/\/retro-forma.com\/tr\/wp-json\/wp\/v2\/users\/1"}],"replies":[{"embeddable":true,"href":"https:\/\/retro-forma.com\/tr\/wp-json\/wp\/v2\/comments?post=38"}],"version-history":[{"count":1,"href":"https:\/\/retro-forma.com\/tr\/wp-json\/wp\/v2\/pages\/38\/revisions"}],"predecessor-version":[{"id":96,"href":"https:\/\/retro-forma.com\/tr\/wp-json\/wp\/v2\/pages\/38\/revisions\/96"}],"up":[{"embeddable":true,"href":"https:\/\/retro-forma.com\/tr\/wp-json\/wp\/v2\/pages\/6"}],"wp:featuredmedia":[{"embeddable":true,"href":"https:\/\/retro-forma.com\/tr\/wp-json\/wp\/v2\/media\/39"}],"wp:attachment":[{"href":"https:\/\/retro-forma.com\/tr\/wp-json\/wp\/v2\/media?parent=38"}],"curies":[{"name":"wp","href":"https:\/\/api.w.org\/{rel}","templated":true}]}}