{"id":285,"date":"2023-02-11T11:39:31","date_gmt":"2023-02-11T11:39:31","guid":{"rendered":"https:\/\/retro-forma.com\/tr\/italya\/monza\/"},"modified":"2023-02-11T11:39:31","modified_gmt":"2023-02-11T11:39:31","slug":"monza","status":"publish","type":"page","link":"https:\/\/retro-forma.com\/tr\/italya\/monza\/","title":{"rendered":"Monza"},"content":{"rendered":"<p>Monza, 1894 y\u0131l\u0131nda kurulmu\u015f bir \u0130talyan futbol kul\u00fcb\u00fcd\u00fcr. Kul\u00fcb\u00fcn stadyumu, Stadio Brianteo, 7.500 ki\u015filik kapasiteye sahiptir. Monza, k\u0131rm\u0131z\u0131 ve beyaz renklerindeki retro formas\u0131yla tan\u0131n\u0131r. Kul\u00fcb\u00fcn tarihi, \u0130talyan futbolunun en eski kul\u00fcplerinden biri olarak kabul edilir.<\/p>\n<p>&nbsp;<\/p>\n<p>&nbsp;<\/p>\n<p>Stadyum: U-Power Stadium<\/p>\n<p>Adres: Via Franco Tognini, Monza<\/p>\n<p>Kapasite: 18568<\/p>\n<p><img decoding=\"async\" src=\"https:\/\/media.api-sports.io\/football\/venues\/12086.png\" \/><\/p>\n<p>&nbsp;<\/p>\n<p>Temelde: 1912<\/p>\n","protected":false},"excerpt":{"rendered":"<p>Retro Jersey ve Kul\u00fcb\u00fc hakk\u0131nda k\u0131sa bir giri\u015f<\/p>\n<p>Monza, \u0130talya&#8217;n\u0131n Lombardiya b\u00f6lgesinde bulunan bir \u015fehirdir. Monza, \u0130talya&#8217;n\u0131n en eski futbol kul\u00fcplerinden biridir ve kul\u00fcb\u00fcn retro jerseyleri, futbolseverler taraf\u0131ndan \u00e7ok sevilmektedir. Monza, \u0130talya&#8217;n\u0131n en eski ve en \u00f6nemli futbol kul\u00fcplerinden biridir ve kul\u00fcb\u00fcn retro jersey<\/p>\n","protected":false},"author":1,"featured_media":286,"parent":245,"menu_order":0,"comment_status":"open","ping_status":"open","template":"","meta":{"inline_featured_image":false,"footnotes":""},"class_list":["post-285","page","type-page","status-publish","has-post-thumbnail","hentry"],"yoast_head":"<!-- This site is optimized with the Yoast SEO plugin v20.0 - https:\/\/yoast.com\/wordpress\/plugins\/seo\/ -->\n<title>Retro Monza forma. Ceket \/ formas\u0131<\/title>\n<meta name=\"description\" content=\"Retro Futbol K\u0131yafetleri ile Futbol Kul\u00fcb\u00fcn\u00fcz\u00fcn G\u00f6r\u00fcn\u00fcm\u00fcn\u00fc Yenileyin! Monza&#039;da, klasik futbol k\u0131yafetleriyle futbol kul\u00fcb\u00fcn\u00fcz\u00fcn g\u00f6r\u00fcn\u00fcm\u00fcn\u00fc yenileyin. Kaliteli malzemelerden \u00fcretilen retro futbol k\u0131yafetleri, kul\u00fcb\u00fcn\u00fcz\u00fcn g\u00f6r\u00fcn\u00fcm\u00fcn\u00fc modernize ederken, klasik tarz\u0131n\u0131 da korur.\" \/>\n<meta name=\"robots\" content=\"index, follow, max-snippet:-1, max-image-preview:large, max-video-preview:-1\" \/>\n<link rel=\"canonical\" href=\"https:\/\/retro-forma.com\/tr\/italya\/monza\/\" \/>\n<meta property=\"og:locale\" content=\"da_DK\" \/>\n<meta property=\"og:type\" content=\"article\" \/>\n<meta property=\"og:title\" content=\"Retro Monza forma. Ceket \/ formas\u0131\" \/>\n<meta property=\"og:description\" content=\"Retro Futbol K\u0131yafetleri ile Futbol Kul\u00fcb\u00fcn\u00fcz\u00fcn G\u00f6r\u00fcn\u00fcm\u00fcn\u00fc Yenileyin! Monza&#039;da, klasik futbol k\u0131yafetleriyle futbol kul\u00fcb\u00fcn\u00fcz\u00fcn g\u00f6r\u00fcn\u00fcm\u00fcn\u00fc yenileyin. Kaliteli malzemelerden \u00fcretilen retro futbol k\u0131yafetleri, kul\u00fcb\u00fcn\u00fcz\u00fcn g\u00f6r\u00fcn\u00fcm\u00fcn\u00fc modernize ederken, klasik tarz\u0131n\u0131 da korur.\" \/>\n<meta property=\"og:url\" content=\"https:\/\/retro-forma.com\/tr\/italya\/monza\/\" \/>\n<meta property=\"og:site_name\" content=\"Retro Forma\" \/>\n<meta property=\"og:image\" content=\"https:\/\/retro-forma.com\/tr\/wp-content\/uploads\/2023\/02\/1579.png\" \/>\n\t<meta property=\"og:image:width\" content=\"150\" \/>\n\t<meta property=\"og:image:height\" content=\"150\" \/>\n\t<meta property=\"og:image:type\" content=\"image\/png\" \/>\n<meta name=\"twitter:card\" content=\"summary_large_image\" \/>\n<script type=\"application\/ld+json\" class=\"yoast-schema-graph\">{\"@context\":\"https:\/\/schema.org\",\"@graph\":[{\"@type\":\"WebPage\",\"@id\":\"https:\/\/retro-forma.com\/tr\/italya\/monza\/\",\"url\":\"https:\/\/retro-forma.com\/tr\/italya\/monza\/\",\"name\":\"Retro Monza forma. Ceket \/ formas\u0131\",\"isPartOf\":{\"@id\":\"https:\/\/retro-forma.com\/tr\/#website\"},\"datePublished\":\"2023-02-11T11:39:31+00:00\",\"dateModified\":\"2023-02-11T11:39:31+00:00\",\"description\":\"Retro Futbol K\u0131yafetleri ile Futbol Kul\u00fcb\u00fcn\u00fcz\u00fcn G\u00f6r\u00fcn\u00fcm\u00fcn\u00fc Yenileyin! Monza'da, klasik futbol k\u0131yafetleriyle futbol kul\u00fcb\u00fcn\u00fcz\u00fcn g\u00f6r\u00fcn\u00fcm\u00fcn\u00fc yenileyin. Kaliteli malzemelerden \u00fcretilen retro futbol k\u0131yafetleri, kul\u00fcb\u00fcn\u00fcz\u00fcn g\u00f6r\u00fcn\u00fcm\u00fcn\u00fc modernize ederken, klasik tarz\u0131n\u0131 da korur.\",\"breadcrumb\":{\"@id\":\"https:\/\/retro-forma.com\/tr\/italya\/monza\/#breadcrumb\"},\"inLanguage\":\"da-DK\",\"potentialAction\":[{\"@type\":\"ReadAction\",\"target\":[\"https:\/\/retro-forma.com\/tr\/italya\/monza\/\"]}]},{\"@type\":\"BreadcrumbList\",\"@id\":\"https:\/\/retro-forma.com\/tr\/italya\/monza\/#breadcrumb\",\"itemListElement\":[{\"@type\":\"ListItem\",\"position\":1,\"name\":\"Hjem\",\"item\":\"https:\/\/retro-forma.com\/tr\/\"},{\"@type\":\"ListItem\",\"position\":2,\"name\":\"\u0130talya\",\"item\":\"https:\/\/retro-forma.com\/tr\/italya\/\"},{\"@type\":\"ListItem\",\"position\":3,\"name\":\"Monza\"}]},{\"@type\":\"WebSite\",\"@id\":\"https:\/\/retro-forma.com\/tr\/#website\",\"url\":\"https:\/\/retro-forma.com\/tr\/\",\"name\":\"Retro Forma\",\"description\":\"\",\"publisher\":{\"@id\":\"https:\/\/retro-forma.com\/tr\/#organization\"},\"potentialAction\":[{\"@type\":\"SearchAction\",\"target\":{\"@type\":\"EntryPoint\",\"urlTemplate\":\"https:\/\/retro-forma.com\/tr\/?s={search_term_string}\"},\"query-input\":\"required name=search_term_string\"}],\"inLanguage\":\"da-DK\"},{\"@type\":\"Organization\",\"@id\":\"https:\/\/retro-forma.com\/tr\/#organization\",\"name\":\"Retro Forma\",\"url\":\"https:\/\/retro-forma.com\/tr\/\",\"logo\":{\"@type\":\"ImageObject\",\"inLanguage\":\"da-DK\",\"@id\":\"https:\/\/retro-forma.com\/tr\/#\/schema\/logo\/image\/\",\"url\":\"https:\/\/retro-forma.com\/tr\/wp-content\/uploads\/2023\/02\/Retro-troeje.png\",\"contentUrl\":\"https:\/\/retro-forma.com\/tr\/wp-content\/uploads\/2023\/02\/Retro-troeje.png\",\"width\":250,\"height\":100,\"caption\":\"Retro Forma\"},\"image\":{\"@id\":\"https:\/\/retro-forma.com\/tr\/#\/schema\/logo\/image\/\"}}]}<\/script>\n<!-- \/ Yoast SEO plugin. -->","yoast_head_json":{"title":"Retro Monza forma. Ceket \/ formas\u0131","description":"Retro Futbol K\u0131yafetleri ile Futbol Kul\u00fcb\u00fcn\u00fcz\u00fcn G\u00f6r\u00fcn\u00fcm\u00fcn\u00fc Yenileyin! Monza'da, klasik futbol k\u0131yafetleriyle futbol kul\u00fcb\u00fcn\u00fcz\u00fcn g\u00f6r\u00fcn\u00fcm\u00fcn\u00fc yenileyin. Kaliteli malzemelerden \u00fcretilen retro futbol k\u0131yafetleri, kul\u00fcb\u00fcn\u00fcz\u00fcn g\u00f6r\u00fcn\u00fcm\u00fcn\u00fc modernize ederken, klasik tarz\u0131n\u0131 da korur.","robots":{"index":"index","follow":"follow","max-snippet":"max-snippet:-1","max-image-preview":"max-image-preview:large","max-video-preview":"max-video-preview:-1"},"canonical":"https:\/\/retro-forma.com\/tr\/italya\/monza\/","og_locale":"da_DK","og_type":"article","og_title":"Retro Monza forma. Ceket \/ formas\u0131","og_description":"Retro Futbol K\u0131yafetleri ile Futbol Kul\u00fcb\u00fcn\u00fcz\u00fcn G\u00f6r\u00fcn\u00fcm\u00fcn\u00fc Yenileyin! Monza'da, klasik futbol k\u0131yafetleriyle futbol kul\u00fcb\u00fcn\u00fcz\u00fcn g\u00f6r\u00fcn\u00fcm\u00fcn\u00fc yenileyin. Kaliteli malzemelerden \u00fcretilen retro futbol k\u0131yafetleri, kul\u00fcb\u00fcn\u00fcz\u00fcn g\u00f6r\u00fcn\u00fcm\u00fcn\u00fc modernize ederken, klasik tarz\u0131n\u0131 da korur.","og_url":"https:\/\/retro-forma.com\/tr\/italya\/monza\/","og_site_name":"Retro Forma","og_image":[{"width":150,"height":150,"url":"https:\/\/retro-forma.com\/tr\/wp-content\/uploads\/2023\/02\/1579.png","type":"image\/png"}],"twitter_card":"summary_large_image","schema":{"@context":"https:\/\/schema.org","@graph":[{"@type":"WebPage","@id":"https:\/\/retro-forma.com\/tr\/italya\/monza\/","url":"https:\/\/retro-forma.com\/tr\/italya\/monza\/","name":"Retro Monza forma. Ceket \/ formas\u0131","isPartOf":{"@id":"https:\/\/retro-forma.com\/tr\/#website"},"datePublished":"2023-02-11T11:39:31+00:00","dateModified":"2023-02-11T11:39:31+00:00","description":"Retro Futbol K\u0131yafetleri ile Futbol Kul\u00fcb\u00fcn\u00fcz\u00fcn G\u00f6r\u00fcn\u00fcm\u00fcn\u00fc Yenileyin! Monza'da, klasik futbol k\u0131yafetleriyle futbol kul\u00fcb\u00fcn\u00fcz\u00fcn g\u00f6r\u00fcn\u00fcm\u00fcn\u00fc yenileyin. Kaliteli malzemelerden \u00fcretilen retro futbol k\u0131yafetleri, kul\u00fcb\u00fcn\u00fcz\u00fcn g\u00f6r\u00fcn\u00fcm\u00fcn\u00fc modernize ederken, klasik tarz\u0131n\u0131 da korur.","breadcrumb":{"@id":"https:\/\/retro-forma.com\/tr\/italya\/monza\/#breadcrumb"},"inLanguage":"da-DK","potentialAction":[{"@type":"ReadAction","target":["https:\/\/retro-forma.com\/tr\/italya\/monza\/"]}]},{"@type":"BreadcrumbList","@id":"https:\/\/retro-forma.com\/tr\/italya\/monza\/#breadcrumb","itemListElement":[{"@type":"ListItem","position":1,"name":"Hjem","item":"https:\/\/retro-forma.com\/tr\/"},{"@type":"ListItem","position":2,"name":"\u0130talya","item":"https:\/\/retro-forma.com\/tr\/italya\/"},{"@type":"ListItem","position":3,"name":"Monza"}]},{"@type":"WebSite","@id":"https:\/\/retro-forma.com\/tr\/#website","url":"https:\/\/retro-forma.com\/tr\/","name":"Retro Forma","description":"","publisher":{"@id":"https:\/\/retro-forma.com\/tr\/#organization"},"potentialAction":[{"@type":"SearchAction","target":{"@type":"EntryPoint","urlTemplate":"https:\/\/retro-forma.com\/tr\/?s={search_term_string}"},"query-input":"required name=search_term_string"}],"inLanguage":"da-DK"},{"@type":"Organization","@id":"https:\/\/retro-forma.com\/tr\/#organization","name":"Retro Forma","url":"https:\/\/retro-forma.com\/tr\/","logo":{"@type":"ImageObject","inLanguage":"da-DK","@id":"https:\/\/retro-forma.com\/tr\/#\/schema\/logo\/image\/","url":"https:\/\/retro-forma.com\/tr\/wp-content\/uploads\/2023\/02\/Retro-troeje.png","contentUrl":"https:\/\/retro-forma.com\/tr\/wp-content\/uploads\/2023\/02\/Retro-troeje.png","width":250,"height":100,"caption":"Retro Forma"},"image":{"@id":"https:\/\/retro-forma.com\/tr\/#\/schema\/logo\/image\/"}}]}},"_links":{"self":[{"href":"https:\/\/retro-forma.com\/tr\/wp-json\/wp\/v2\/pages\/285","targetHints":{"allow":["GET"]}}],"collection":[{"href":"https:\/\/retro-forma.com\/tr\/wp-json\/wp\/v2\/pages"}],"about":[{"href":"https:\/\/retro-forma.com\/tr\/wp-json\/wp\/v2\/types\/page"}],"author":[{"embeddable":true,"href":"https:\/\/retro-forma.com\/tr\/wp-json\/wp\/v2\/users\/1"}],"replies":[{"embeddable":true,"href":"https:\/\/retro-forma.com\/tr\/wp-json\/wp\/v2\/comments?post=285"}],"version-history":[{"count":0,"href":"https:\/\/retro-forma.com\/tr\/wp-json\/wp\/v2\/pages\/285\/revisions"}],"up":[{"embeddable":true,"href":"https:\/\/retro-forma.com\/tr\/wp-json\/wp\/v2\/pages\/245"}],"wp:featuredmedia":[{"embeddable":true,"href":"https:\/\/retro-forma.com\/tr\/wp-json\/wp\/v2\/media\/286"}],"wp:attachment":[{"href":"https:\/\/retro-forma.com\/tr\/wp-json\/wp\/v2\/media?parent=285"}],"curies":[{"name":"wp","href":"https:\/\/api.w.org\/{rel}","templated":true}]}}