{"id":275,"date":"2023-02-11T11:39:31","date_gmt":"2023-02-11T11:39:31","guid":{"rendered":"https:\/\/retro-forma.com\/tr\/italya\/empoli\/"},"modified":"2023-02-11T11:39:31","modified_gmt":"2023-02-11T11:39:31","slug":"empoli","status":"publish","type":"page","link":"https:\/\/retro-forma.com\/tr\/italya\/empoli\/","title":{"rendered":"Empoli"},"content":{"rendered":"<p>Empoli, Toscana b\u00f6lgesinde bulunan bir \u0130talyan futbol tak\u0131m\u0131d\u0131r. Tak\u0131m, 1920 y\u0131l\u0131nda kurulmu\u015ftur ve \u015fu anda Serie B&#8217;de m\u00fccadele etmektedir. Tak\u0131m\u0131n stadyumu Castellani Stadyumu&#8217;dur ve kapasitesi yakla\u015f\u0131k 16.000&#8217;dir. Tak\u0131m\u0131n renkleri mavi ve beyazd\u0131r ve retro forma, mavi ve beyaz \u00e7izgili bir desendir.<\/p>\n<p>&nbsp;<\/p>\n<p>&nbsp;<\/p>\n<p>Stadyum: Stadio Carlo Castellani<\/p>\n<p>Adres: Viale delle Olimpiadi, Empoli<\/p>\n<p>Kapasite: 16284<\/p>\n<p><img decoding=\"async\" src=\"https:\/\/media.api-sports.io\/football\/venues\/896.png\" \/><\/p>\n<p>&nbsp;<\/p>\n<p>Temelde: 1920<\/p>\n","protected":false},"excerpt":{"rendered":"<p>Retro Jersey ve Kul\u00fcp<\/p>\n<p>Empoli, \u0130talya&#8217;da bulunan bir futbol kul\u00fcb\u00fcd\u00fcr. Empoli, tarihi ve k\u00fclt\u00fcrel miras\u0131n\u0131n yan\u0131 s\u0131ra, retro jerseyleriyle de \u00fcnl\u00fcd\u00fcr. Empoli&#8217;nin retro jerseyleri, kul\u00fcb\u00fcn tarihini ve k\u00fclt\u00fcr\u00fcn\u00fc yans\u0131tan klasik tasar\u0131mlar\u0131yla \u00f6ne \u00e7\u0131kar. Empoli&#8217;nin retro jerseyleri, kul\u00fcb\u00fcn tarihini ve k\u00fclt\u00fcr\u00fcn<\/p>\n","protected":false},"author":1,"featured_media":276,"parent":245,"menu_order":0,"comment_status":"open","ping_status":"open","template":"","meta":{"inline_featured_image":false,"footnotes":""},"class_list":["post-275","page","type-page","status-publish","has-post-thumbnail","hentry"],"yoast_head":"<!-- This site is optimized with the Yoast SEO plugin v20.0 - https:\/\/yoast.com\/wordpress\/plugins\/seo\/ -->\n<title>Retro Empoli forma. Ceket \/ formas\u0131<\/title>\n<meta name=\"description\" content=\"Empoli Futbol Kul\u00fcb\u00fc&#039;nde retro forma ve e\u015fsiz tasar\u0131mlarla klasik tarz\u0131n\u0131 ya\u015fay\u0131n! En sevdi\u011finiz tak\u0131m\u0131n kul\u00fcb\u00fcnde klasik tarz\u0131n\u0131 ya\u015fay\u0131n ve Empoli Futbol Kul\u00fcb\u00fc&#039;ndeki retro formay\u0131 giyin!\" \/>\n<meta name=\"robots\" content=\"index, follow, max-snippet:-1, max-image-preview:large, max-video-preview:-1\" \/>\n<link rel=\"canonical\" href=\"https:\/\/retro-forma.com\/tr\/italya\/empoli\/\" \/>\n<meta property=\"og:locale\" content=\"da_DK\" \/>\n<meta property=\"og:type\" content=\"article\" \/>\n<meta property=\"og:title\" content=\"Retro Empoli forma. Ceket \/ formas\u0131\" \/>\n<meta property=\"og:description\" content=\"Empoli Futbol Kul\u00fcb\u00fc&#039;nde retro forma ve e\u015fsiz tasar\u0131mlarla klasik tarz\u0131n\u0131 ya\u015fay\u0131n! En sevdi\u011finiz tak\u0131m\u0131n kul\u00fcb\u00fcnde klasik tarz\u0131n\u0131 ya\u015fay\u0131n ve Empoli Futbol Kul\u00fcb\u00fc&#039;ndeki retro formay\u0131 giyin!\" \/>\n<meta property=\"og:url\" content=\"https:\/\/retro-forma.com\/tr\/italya\/empoli\/\" \/>\n<meta property=\"og:site_name\" content=\"Retro Forma\" \/>\n<meta property=\"og:image\" content=\"https:\/\/retro-forma.com\/tr\/wp-content\/uploads\/2023\/02\/511.png\" \/>\n\t<meta property=\"og:image:width\" content=\"150\" \/>\n\t<meta property=\"og:image:height\" content=\"150\" \/>\n\t<meta property=\"og:image:type\" content=\"image\/png\" \/>\n<meta name=\"twitter:card\" content=\"summary_large_image\" \/>\n<script type=\"application\/ld+json\" class=\"yoast-schema-graph\">{\"@context\":\"https:\/\/schema.org\",\"@graph\":[{\"@type\":\"WebPage\",\"@id\":\"https:\/\/retro-forma.com\/tr\/italya\/empoli\/\",\"url\":\"https:\/\/retro-forma.com\/tr\/italya\/empoli\/\",\"name\":\"Retro Empoli forma. Ceket \/ formas\u0131\",\"isPartOf\":{\"@id\":\"https:\/\/retro-forma.com\/tr\/#website\"},\"datePublished\":\"2023-02-11T11:39:31+00:00\",\"dateModified\":\"2023-02-11T11:39:31+00:00\",\"description\":\"Empoli Futbol Kul\u00fcb\u00fc'nde retro forma ve e\u015fsiz tasar\u0131mlarla klasik tarz\u0131n\u0131 ya\u015fay\u0131n! En sevdi\u011finiz tak\u0131m\u0131n kul\u00fcb\u00fcnde klasik tarz\u0131n\u0131 ya\u015fay\u0131n ve Empoli Futbol Kul\u00fcb\u00fc'ndeki retro formay\u0131 giyin!\",\"breadcrumb\":{\"@id\":\"https:\/\/retro-forma.com\/tr\/italya\/empoli\/#breadcrumb\"},\"inLanguage\":\"da-DK\",\"potentialAction\":[{\"@type\":\"ReadAction\",\"target\":[\"https:\/\/retro-forma.com\/tr\/italya\/empoli\/\"]}]},{\"@type\":\"BreadcrumbList\",\"@id\":\"https:\/\/retro-forma.com\/tr\/italya\/empoli\/#breadcrumb\",\"itemListElement\":[{\"@type\":\"ListItem\",\"position\":1,\"name\":\"Hjem\",\"item\":\"https:\/\/retro-forma.com\/tr\/\"},{\"@type\":\"ListItem\",\"position\":2,\"name\":\"\u0130talya\",\"item\":\"https:\/\/retro-forma.com\/tr\/italya\/\"},{\"@type\":\"ListItem\",\"position\":3,\"name\":\"Empoli\"}]},{\"@type\":\"WebSite\",\"@id\":\"https:\/\/retro-forma.com\/tr\/#website\",\"url\":\"https:\/\/retro-forma.com\/tr\/\",\"name\":\"Retro Forma\",\"description\":\"\",\"publisher\":{\"@id\":\"https:\/\/retro-forma.com\/tr\/#organization\"},\"potentialAction\":[{\"@type\":\"SearchAction\",\"target\":{\"@type\":\"EntryPoint\",\"urlTemplate\":\"https:\/\/retro-forma.com\/tr\/?s={search_term_string}\"},\"query-input\":\"required name=search_term_string\"}],\"inLanguage\":\"da-DK\"},{\"@type\":\"Organization\",\"@id\":\"https:\/\/retro-forma.com\/tr\/#organization\",\"name\":\"Retro Forma\",\"url\":\"https:\/\/retro-forma.com\/tr\/\",\"logo\":{\"@type\":\"ImageObject\",\"inLanguage\":\"da-DK\",\"@id\":\"https:\/\/retro-forma.com\/tr\/#\/schema\/logo\/image\/\",\"url\":\"https:\/\/retro-forma.com\/tr\/wp-content\/uploads\/2023\/02\/Retro-troeje.png\",\"contentUrl\":\"https:\/\/retro-forma.com\/tr\/wp-content\/uploads\/2023\/02\/Retro-troeje.png\",\"width\":250,\"height\":100,\"caption\":\"Retro Forma\"},\"image\":{\"@id\":\"https:\/\/retro-forma.com\/tr\/#\/schema\/logo\/image\/\"}}]}<\/script>\n<!-- \/ Yoast SEO plugin. -->","yoast_head_json":{"title":"Retro Empoli forma. Ceket \/ formas\u0131","description":"Empoli Futbol Kul\u00fcb\u00fc'nde retro forma ve e\u015fsiz tasar\u0131mlarla klasik tarz\u0131n\u0131 ya\u015fay\u0131n! En sevdi\u011finiz tak\u0131m\u0131n kul\u00fcb\u00fcnde klasik tarz\u0131n\u0131 ya\u015fay\u0131n ve Empoli Futbol Kul\u00fcb\u00fc'ndeki retro formay\u0131 giyin!","robots":{"index":"index","follow":"follow","max-snippet":"max-snippet:-1","max-image-preview":"max-image-preview:large","max-video-preview":"max-video-preview:-1"},"canonical":"https:\/\/retro-forma.com\/tr\/italya\/empoli\/","og_locale":"da_DK","og_type":"article","og_title":"Retro Empoli forma. Ceket \/ formas\u0131","og_description":"Empoli Futbol Kul\u00fcb\u00fc'nde retro forma ve e\u015fsiz tasar\u0131mlarla klasik tarz\u0131n\u0131 ya\u015fay\u0131n! En sevdi\u011finiz tak\u0131m\u0131n kul\u00fcb\u00fcnde klasik tarz\u0131n\u0131 ya\u015fay\u0131n ve Empoli Futbol Kul\u00fcb\u00fc'ndeki retro formay\u0131 giyin!","og_url":"https:\/\/retro-forma.com\/tr\/italya\/empoli\/","og_site_name":"Retro Forma","og_image":[{"width":150,"height":150,"url":"https:\/\/retro-forma.com\/tr\/wp-content\/uploads\/2023\/02\/511.png","type":"image\/png"}],"twitter_card":"summary_large_image","schema":{"@context":"https:\/\/schema.org","@graph":[{"@type":"WebPage","@id":"https:\/\/retro-forma.com\/tr\/italya\/empoli\/","url":"https:\/\/retro-forma.com\/tr\/italya\/empoli\/","name":"Retro Empoli forma. Ceket \/ formas\u0131","isPartOf":{"@id":"https:\/\/retro-forma.com\/tr\/#website"},"datePublished":"2023-02-11T11:39:31+00:00","dateModified":"2023-02-11T11:39:31+00:00","description":"Empoli Futbol Kul\u00fcb\u00fc'nde retro forma ve e\u015fsiz tasar\u0131mlarla klasik tarz\u0131n\u0131 ya\u015fay\u0131n! En sevdi\u011finiz tak\u0131m\u0131n kul\u00fcb\u00fcnde klasik tarz\u0131n\u0131 ya\u015fay\u0131n ve Empoli Futbol Kul\u00fcb\u00fc'ndeki retro formay\u0131 giyin!","breadcrumb":{"@id":"https:\/\/retro-forma.com\/tr\/italya\/empoli\/#breadcrumb"},"inLanguage":"da-DK","potentialAction":[{"@type":"ReadAction","target":["https:\/\/retro-forma.com\/tr\/italya\/empoli\/"]}]},{"@type":"BreadcrumbList","@id":"https:\/\/retro-forma.com\/tr\/italya\/empoli\/#breadcrumb","itemListElement":[{"@type":"ListItem","position":1,"name":"Hjem","item":"https:\/\/retro-forma.com\/tr\/"},{"@type":"ListItem","position":2,"name":"\u0130talya","item":"https:\/\/retro-forma.com\/tr\/italya\/"},{"@type":"ListItem","position":3,"name":"Empoli"}]},{"@type":"WebSite","@id":"https:\/\/retro-forma.com\/tr\/#website","url":"https:\/\/retro-forma.com\/tr\/","name":"Retro Forma","description":"","publisher":{"@id":"https:\/\/retro-forma.com\/tr\/#organization"},"potentialAction":[{"@type":"SearchAction","target":{"@type":"EntryPoint","urlTemplate":"https:\/\/retro-forma.com\/tr\/?s={search_term_string}"},"query-input":"required name=search_term_string"}],"inLanguage":"da-DK"},{"@type":"Organization","@id":"https:\/\/retro-forma.com\/tr\/#organization","name":"Retro Forma","url":"https:\/\/retro-forma.com\/tr\/","logo":{"@type":"ImageObject","inLanguage":"da-DK","@id":"https:\/\/retro-forma.com\/tr\/#\/schema\/logo\/image\/","url":"https:\/\/retro-forma.com\/tr\/wp-content\/uploads\/2023\/02\/Retro-troeje.png","contentUrl":"https:\/\/retro-forma.com\/tr\/wp-content\/uploads\/2023\/02\/Retro-troeje.png","width":250,"height":100,"caption":"Retro Forma"},"image":{"@id":"https:\/\/retro-forma.com\/tr\/#\/schema\/logo\/image\/"}}]}},"_links":{"self":[{"href":"https:\/\/retro-forma.com\/tr\/wp-json\/wp\/v2\/pages\/275","targetHints":{"allow":["GET"]}}],"collection":[{"href":"https:\/\/retro-forma.com\/tr\/wp-json\/wp\/v2\/pages"}],"about":[{"href":"https:\/\/retro-forma.com\/tr\/wp-json\/wp\/v2\/types\/page"}],"author":[{"embeddable":true,"href":"https:\/\/retro-forma.com\/tr\/wp-json\/wp\/v2\/users\/1"}],"replies":[{"embeddable":true,"href":"https:\/\/retro-forma.com\/tr\/wp-json\/wp\/v2\/comments?post=275"}],"version-history":[{"count":0,"href":"https:\/\/retro-forma.com\/tr\/wp-json\/wp\/v2\/pages\/275\/revisions"}],"up":[{"embeddable":true,"href":"https:\/\/retro-forma.com\/tr\/wp-json\/wp\/v2\/pages\/245"}],"wp:featuredmedia":[{"embeddable":true,"href":"https:\/\/retro-forma.com\/tr\/wp-json\/wp\/v2\/media\/276"}],"wp:attachment":[{"href":"https:\/\/retro-forma.com\/tr\/wp-json\/wp\/v2\/media?parent=275"}],"curies":[{"name":"wp","href":"https:\/\/api.w.org\/{rel}","templated":true}]}}