{"id":255,"date":"2023-02-11T11:39:31","date_gmt":"2023-02-11T11:39:31","guid":{"rendered":"https:\/\/retro-forma.com\/tr\/italya\/udinese\/"},"modified":"2023-02-11T11:39:31","modified_gmt":"2023-02-11T11:39:31","slug":"udinese","status":"publish","type":"page","link":"https:\/\/retro-forma.com\/tr\/italya\/udinese\/","title":{"rendered":"Udinese"},"content":{"rendered":"<p>Udinese Kul\u00fcb\u00fc, 1896 y\u0131l\u0131nda \u0130talya&#8217;da kurulmu\u015ftur. Stad\u0131n kapasitesi 33.000 ki\u015fidir. Kul\u00fcb\u00fcn retro formas\u0131, mavi ve beyaz renklerden olu\u015fmaktad\u0131r. Forma, klasik kesimleri ve kul\u00fcb\u00fcn logosunu i\u00e7erir. Forma, kul\u00fcb\u00fcn tarihini ve k\u00f6klerini g\u00f6stermektedir.<\/p>\n<p>&nbsp;<\/p>\n<p>&nbsp;<\/p>\n<p>Stadyum: Dacia Arena<\/p>\n<p>Adres: Piazza le Repubblica Argentina, 3, Udine<\/p>\n<p>Kapasite: 25952<\/p>\n<p><img decoding=\"async\" src=\"https:\/\/media.api-sports.io\/football\/venues\/928.png\" \/><\/p>\n<p>&nbsp;<\/p>\n<p>Temelde: 1896<\/p>\n","protected":false},"excerpt":{"rendered":"<p>Udinese, \u0130talya&#8217;da kurulmu\u015f olan bir futbol kul\u00fcb\u00fcd\u00fcr. Kul\u00fcp, retro forma tasar\u0131mlar\u0131yla \u00fcnl\u00fcd\u00fcr ve bu forma tasar\u0131mlar\u0131, kul\u00fcb\u00fcn tarihine ve k\u00f6klerine sayg\u0131 duymak i\u00e7in tasarlanm\u0131\u015ft\u0131r. Udinese, \u0130talya&#8217;da \u00e7ok say\u0131da taraftar\u0131 olan bir kul\u00fcpt\u00fcr ve bu taraftarlar, kul\u00fcb\u00fcn retro forma tasar\u0131ml<\/p>\n","protected":false},"author":1,"featured_media":256,"parent":245,"menu_order":0,"comment_status":"open","ping_status":"open","template":"","meta":{"inline_featured_image":false,"footnotes":""},"class_list":["post-255","page","type-page","status-publish","has-post-thumbnail","hentry"],"yoast_head":"<!-- This site is optimized with the Yoast SEO plugin v20.0 - https:\/\/yoast.com\/wordpress\/plugins\/seo\/ -->\n<title>Retro Udinese forma. Ceket \/ formas\u0131<\/title>\n<meta name=\"description\" content=\"Retro forma ile Udinese Futbol Kul\u00fcb\u00fcn\u00fcn tarihini ya\u015fay\u0131n! G\u00fcncel koleksiyonumuzda Udinese&#039;nin klasik formas\u0131n\u0131n yan\u0131 s\u0131ra, \u00f6zel tasar\u0131mlar ve \u00e7ok daha fazlas\u0131n\u0131 bulun.\" \/>\n<meta name=\"robots\" content=\"index, follow, max-snippet:-1, max-image-preview:large, max-video-preview:-1\" \/>\n<link rel=\"canonical\" href=\"https:\/\/retro-forma.com\/tr\/italya\/udinese\/\" \/>\n<meta property=\"og:locale\" content=\"da_DK\" \/>\n<meta property=\"og:type\" content=\"article\" \/>\n<meta property=\"og:title\" content=\"Retro Udinese forma. Ceket \/ formas\u0131\" \/>\n<meta property=\"og:description\" content=\"Retro forma ile Udinese Futbol Kul\u00fcb\u00fcn\u00fcn tarihini ya\u015fay\u0131n! G\u00fcncel koleksiyonumuzda Udinese&#039;nin klasik formas\u0131n\u0131n yan\u0131 s\u0131ra, \u00f6zel tasar\u0131mlar ve \u00e7ok daha fazlas\u0131n\u0131 bulun.\" \/>\n<meta property=\"og:url\" content=\"https:\/\/retro-forma.com\/tr\/italya\/udinese\/\" \/>\n<meta property=\"og:site_name\" content=\"Retro Forma\" \/>\n<meta property=\"og:image\" content=\"https:\/\/retro-forma.com\/tr\/wp-content\/uploads\/2023\/02\/494.png\" \/>\n\t<meta property=\"og:image:width\" content=\"150\" \/>\n\t<meta property=\"og:image:height\" content=\"150\" \/>\n\t<meta property=\"og:image:type\" content=\"image\/png\" \/>\n<meta name=\"twitter:card\" content=\"summary_large_image\" \/>\n<script type=\"application\/ld+json\" class=\"yoast-schema-graph\">{\"@context\":\"https:\/\/schema.org\",\"@graph\":[{\"@type\":\"WebPage\",\"@id\":\"https:\/\/retro-forma.com\/tr\/italya\/udinese\/\",\"url\":\"https:\/\/retro-forma.com\/tr\/italya\/udinese\/\",\"name\":\"Retro Udinese forma. Ceket \/ formas\u0131\",\"isPartOf\":{\"@id\":\"https:\/\/retro-forma.com\/tr\/#website\"},\"datePublished\":\"2023-02-11T11:39:31+00:00\",\"dateModified\":\"2023-02-11T11:39:31+00:00\",\"description\":\"Retro forma ile Udinese Futbol Kul\u00fcb\u00fcn\u00fcn tarihini ya\u015fay\u0131n! G\u00fcncel koleksiyonumuzda Udinese'nin klasik formas\u0131n\u0131n yan\u0131 s\u0131ra, \u00f6zel tasar\u0131mlar ve \u00e7ok daha fazlas\u0131n\u0131 bulun.\",\"breadcrumb\":{\"@id\":\"https:\/\/retro-forma.com\/tr\/italya\/udinese\/#breadcrumb\"},\"inLanguage\":\"da-DK\",\"potentialAction\":[{\"@type\":\"ReadAction\",\"target\":[\"https:\/\/retro-forma.com\/tr\/italya\/udinese\/\"]}]},{\"@type\":\"BreadcrumbList\",\"@id\":\"https:\/\/retro-forma.com\/tr\/italya\/udinese\/#breadcrumb\",\"itemListElement\":[{\"@type\":\"ListItem\",\"position\":1,\"name\":\"Hjem\",\"item\":\"https:\/\/retro-forma.com\/tr\/\"},{\"@type\":\"ListItem\",\"position\":2,\"name\":\"\u0130talya\",\"item\":\"https:\/\/retro-forma.com\/tr\/italya\/\"},{\"@type\":\"ListItem\",\"position\":3,\"name\":\"Udinese\"}]},{\"@type\":\"WebSite\",\"@id\":\"https:\/\/retro-forma.com\/tr\/#website\",\"url\":\"https:\/\/retro-forma.com\/tr\/\",\"name\":\"Retro Forma\",\"description\":\"\",\"publisher\":{\"@id\":\"https:\/\/retro-forma.com\/tr\/#organization\"},\"potentialAction\":[{\"@type\":\"SearchAction\",\"target\":{\"@type\":\"EntryPoint\",\"urlTemplate\":\"https:\/\/retro-forma.com\/tr\/?s={search_term_string}\"},\"query-input\":\"required name=search_term_string\"}],\"inLanguage\":\"da-DK\"},{\"@type\":\"Organization\",\"@id\":\"https:\/\/retro-forma.com\/tr\/#organization\",\"name\":\"Retro Forma\",\"url\":\"https:\/\/retro-forma.com\/tr\/\",\"logo\":{\"@type\":\"ImageObject\",\"inLanguage\":\"da-DK\",\"@id\":\"https:\/\/retro-forma.com\/tr\/#\/schema\/logo\/image\/\",\"url\":\"https:\/\/retro-forma.com\/tr\/wp-content\/uploads\/2023\/02\/Retro-troeje.png\",\"contentUrl\":\"https:\/\/retro-forma.com\/tr\/wp-content\/uploads\/2023\/02\/Retro-troeje.png\",\"width\":250,\"height\":100,\"caption\":\"Retro Forma\"},\"image\":{\"@id\":\"https:\/\/retro-forma.com\/tr\/#\/schema\/logo\/image\/\"}}]}<\/script>\n<!-- \/ Yoast SEO plugin. -->","yoast_head_json":{"title":"Retro Udinese forma. Ceket \/ formas\u0131","description":"Retro forma ile Udinese Futbol Kul\u00fcb\u00fcn\u00fcn tarihini ya\u015fay\u0131n! G\u00fcncel koleksiyonumuzda Udinese'nin klasik formas\u0131n\u0131n yan\u0131 s\u0131ra, \u00f6zel tasar\u0131mlar ve \u00e7ok daha fazlas\u0131n\u0131 bulun.","robots":{"index":"index","follow":"follow","max-snippet":"max-snippet:-1","max-image-preview":"max-image-preview:large","max-video-preview":"max-video-preview:-1"},"canonical":"https:\/\/retro-forma.com\/tr\/italya\/udinese\/","og_locale":"da_DK","og_type":"article","og_title":"Retro Udinese forma. Ceket \/ formas\u0131","og_description":"Retro forma ile Udinese Futbol Kul\u00fcb\u00fcn\u00fcn tarihini ya\u015fay\u0131n! G\u00fcncel koleksiyonumuzda Udinese'nin klasik formas\u0131n\u0131n yan\u0131 s\u0131ra, \u00f6zel tasar\u0131mlar ve \u00e7ok daha fazlas\u0131n\u0131 bulun.","og_url":"https:\/\/retro-forma.com\/tr\/italya\/udinese\/","og_site_name":"Retro Forma","og_image":[{"width":150,"height":150,"url":"https:\/\/retro-forma.com\/tr\/wp-content\/uploads\/2023\/02\/494.png","type":"image\/png"}],"twitter_card":"summary_large_image","schema":{"@context":"https:\/\/schema.org","@graph":[{"@type":"WebPage","@id":"https:\/\/retro-forma.com\/tr\/italya\/udinese\/","url":"https:\/\/retro-forma.com\/tr\/italya\/udinese\/","name":"Retro Udinese forma. Ceket \/ formas\u0131","isPartOf":{"@id":"https:\/\/retro-forma.com\/tr\/#website"},"datePublished":"2023-02-11T11:39:31+00:00","dateModified":"2023-02-11T11:39:31+00:00","description":"Retro forma ile Udinese Futbol Kul\u00fcb\u00fcn\u00fcn tarihini ya\u015fay\u0131n! G\u00fcncel koleksiyonumuzda Udinese'nin klasik formas\u0131n\u0131n yan\u0131 s\u0131ra, \u00f6zel tasar\u0131mlar ve \u00e7ok daha fazlas\u0131n\u0131 bulun.","breadcrumb":{"@id":"https:\/\/retro-forma.com\/tr\/italya\/udinese\/#breadcrumb"},"inLanguage":"da-DK","potentialAction":[{"@type":"ReadAction","target":["https:\/\/retro-forma.com\/tr\/italya\/udinese\/"]}]},{"@type":"BreadcrumbList","@id":"https:\/\/retro-forma.com\/tr\/italya\/udinese\/#breadcrumb","itemListElement":[{"@type":"ListItem","position":1,"name":"Hjem","item":"https:\/\/retro-forma.com\/tr\/"},{"@type":"ListItem","position":2,"name":"\u0130talya","item":"https:\/\/retro-forma.com\/tr\/italya\/"},{"@type":"ListItem","position":3,"name":"Udinese"}]},{"@type":"WebSite","@id":"https:\/\/retro-forma.com\/tr\/#website","url":"https:\/\/retro-forma.com\/tr\/","name":"Retro Forma","description":"","publisher":{"@id":"https:\/\/retro-forma.com\/tr\/#organization"},"potentialAction":[{"@type":"SearchAction","target":{"@type":"EntryPoint","urlTemplate":"https:\/\/retro-forma.com\/tr\/?s={search_term_string}"},"query-input":"required name=search_term_string"}],"inLanguage":"da-DK"},{"@type":"Organization","@id":"https:\/\/retro-forma.com\/tr\/#organization","name":"Retro Forma","url":"https:\/\/retro-forma.com\/tr\/","logo":{"@type":"ImageObject","inLanguage":"da-DK","@id":"https:\/\/retro-forma.com\/tr\/#\/schema\/logo\/image\/","url":"https:\/\/retro-forma.com\/tr\/wp-content\/uploads\/2023\/02\/Retro-troeje.png","contentUrl":"https:\/\/retro-forma.com\/tr\/wp-content\/uploads\/2023\/02\/Retro-troeje.png","width":250,"height":100,"caption":"Retro Forma"},"image":{"@id":"https:\/\/retro-forma.com\/tr\/#\/schema\/logo\/image\/"}}]}},"_links":{"self":[{"href":"https:\/\/retro-forma.com\/tr\/wp-json\/wp\/v2\/pages\/255","targetHints":{"allow":["GET"]}}],"collection":[{"href":"https:\/\/retro-forma.com\/tr\/wp-json\/wp\/v2\/pages"}],"about":[{"href":"https:\/\/retro-forma.com\/tr\/wp-json\/wp\/v2\/types\/page"}],"author":[{"embeddable":true,"href":"https:\/\/retro-forma.com\/tr\/wp-json\/wp\/v2\/users\/1"}],"replies":[{"embeddable":true,"href":"https:\/\/retro-forma.com\/tr\/wp-json\/wp\/v2\/comments?post=255"}],"version-history":[{"count":0,"href":"https:\/\/retro-forma.com\/tr\/wp-json\/wp\/v2\/pages\/255\/revisions"}],"up":[{"embeddable":true,"href":"https:\/\/retro-forma.com\/tr\/wp-json\/wp\/v2\/pages\/245"}],"wp:featuredmedia":[{"embeddable":true,"href":"https:\/\/retro-forma.com\/tr\/wp-json\/wp\/v2\/media\/256"}],"wp:attachment":[{"href":"https:\/\/retro-forma.com\/tr\/wp-json\/wp\/v2\/media?parent=255"}],"curies":[{"name":"wp","href":"https:\/\/api.w.org\/{rel}","templated":true}]}}