{"id":224,"date":"2023-02-11T11:07:40","date_gmt":"2023-02-11T11:07:40","guid":{"rendered":"https:\/\/retro-forma.com\/tr\/almanya\/1899-hoffenheim\/"},"modified":"2023-02-11T13:13:55","modified_gmt":"2023-02-11T13:13:55","slug":"1899-hoffenheim","status":"publish","type":"page","link":"https:\/\/retro-forma.com\/tr\/almanya\/1899-hoffenheim\/","title":{"rendered":"Hoffenheim"},"content":{"rendered":"<p>1899 Hoffenheim, 1899 y\u0131l\u0131nda kurulmu\u015f Almanya&#8217;n\u0131n Baden-W\u00fcrttemberg eyaletinde bulunan bir futbol kul\u00fcb\u00fcd\u00fcr. Kul\u00fcb\u00fcn stadyumu Rhein-Neckar-Arena&#8217;da bulunmaktad\u0131r ve kapasitesi 30.150 ki\u015fidir. Kul\u00fcb\u00fcn retro formas\u0131n\u0131n rengi beyaz ve mavi olup, kul\u00fcb\u00fcn logosu \u00fczerinde bulunmaktad\u0131r.<\/p>\n<p>&nbsp;<\/p>\n<p>&nbsp;<\/p>\n<p>Stadyum: PreZero Arena<\/p>\n<p>Adres: Dietmar-Hopp-Stra\u00dfe 1, Sinsheim<\/p>\n<p>Kapasite: 30164<\/p>\n<p><img decoding=\"async\" src=\"https:\/\/media-3.api-sports.io\/football\/venues\/724.png\"><\/p>\n<p>&nbsp;<\/p>\n<p>Temelde: 1899<\/p>\n","protected":false},"excerpt":{"rendered":"<p>1899 Hoffenheim, Almanya&#8217;da kurulmu\u015f bir futbol kul\u00fcb\u00fcd\u00fcr. 1899 Hoffenheim, retro forma ve kul\u00fcp kimli\u011fi ile \u00fcnl\u00fcd\u00fcr. Retro forma, kul\u00fcb\u00fcn k\u00f6kl\u00fc ge\u00e7mi\u015fini ve kimli\u011fini yans\u0131t\u0131r. Kul\u00fcp, klasik renkleri ve desenleri kullanarak, kul\u00fcb\u00fcn k\u00f6kl\u00fc ge\u00e7mi\u015fini ve kimli\u011fini kutlamak i\u00e7in retro forma tasarlam\u0131\u015ft\u0131r.<\/p>\n","protected":false},"author":1,"featured_media":225,"parent":206,"menu_order":0,"comment_status":"open","ping_status":"open","template":"","meta":{"inline_featured_image":false,"footnotes":""},"class_list":["post-224","page","type-page","status-publish","has-post-thumbnail","hentry"],"yoast_head":"<!-- This site is optimized with the Yoast SEO plugin v20.0 - https:\/\/yoast.com\/wordpress\/plugins\/seo\/ -->\n<title>Retro 1899 Hoffenheim forma. Ceket \/ formas\u0131<\/title>\n<meta name=\"description\" content=\"1899 Hoffenheim&#039;da futbol kul\u00fcb\u00fcn\u00fcn k\u00f6kl\u00fc ge\u00e7mi\u015fi ve retro forma ile kendinizi \u00f6zel hissedin! \u015eimdi, bu e\u015fsiz kul\u00fcb\u00fcn k\u00f6kl\u00fc ge\u00e7mi\u015fini ve retro formas\u0131n\u0131n g\u00fczelli\u011fini ke\u015ffedin!\" \/>\n<meta name=\"robots\" content=\"index, follow, max-snippet:-1, max-image-preview:large, max-video-preview:-1\" \/>\n<link rel=\"canonical\" href=\"https:\/\/retro-forma.com\/tr\/almanya\/1899-hoffenheim\/\" \/>\n<meta property=\"og:locale\" content=\"da_DK\" \/>\n<meta property=\"og:type\" content=\"article\" \/>\n<meta property=\"og:title\" content=\"Retro 1899 Hoffenheim forma. Ceket \/ formas\u0131\" \/>\n<meta property=\"og:description\" content=\"1899 Hoffenheim&#039;da futbol kul\u00fcb\u00fcn\u00fcn k\u00f6kl\u00fc ge\u00e7mi\u015fi ve retro forma ile kendinizi \u00f6zel hissedin! \u015eimdi, bu e\u015fsiz kul\u00fcb\u00fcn k\u00f6kl\u00fc ge\u00e7mi\u015fini ve retro formas\u0131n\u0131n g\u00fczelli\u011fini ke\u015ffedin!\" \/>\n<meta property=\"og:url\" content=\"https:\/\/retro-forma.com\/tr\/almanya\/1899-hoffenheim\/\" \/>\n<meta property=\"og:site_name\" content=\"Retro Forma\" \/>\n<meta property=\"article:modified_time\" content=\"2023-02-11T13:13:55+00:00\" \/>\n<meta property=\"og:image\" content=\"https:\/\/retro-forma.com\/tr\/wp-content\/uploads\/2023\/02\/167.png\" \/>\n\t<meta property=\"og:image:width\" content=\"150\" \/>\n\t<meta property=\"og:image:height\" content=\"150\" \/>\n\t<meta property=\"og:image:type\" content=\"image\/png\" \/>\n<meta name=\"twitter:card\" content=\"summary_large_image\" \/>\n<script type=\"application\/ld+json\" class=\"yoast-schema-graph\">{\"@context\":\"https:\/\/schema.org\",\"@graph\":[{\"@type\":\"WebPage\",\"@id\":\"https:\/\/retro-forma.com\/tr\/almanya\/1899-hoffenheim\/\",\"url\":\"https:\/\/retro-forma.com\/tr\/almanya\/1899-hoffenheim\/\",\"name\":\"Retro 1899 Hoffenheim forma. Ceket \/ formas\u0131\",\"isPartOf\":{\"@id\":\"https:\/\/retro-forma.com\/tr\/#website\"},\"datePublished\":\"2023-02-11T11:07:40+00:00\",\"dateModified\":\"2023-02-11T13:13:55+00:00\",\"description\":\"1899 Hoffenheim'da futbol kul\u00fcb\u00fcn\u00fcn k\u00f6kl\u00fc ge\u00e7mi\u015fi ve retro forma ile kendinizi \u00f6zel hissedin! \u015eimdi, bu e\u015fsiz kul\u00fcb\u00fcn k\u00f6kl\u00fc ge\u00e7mi\u015fini ve retro formas\u0131n\u0131n g\u00fczelli\u011fini ke\u015ffedin!\",\"breadcrumb\":{\"@id\":\"https:\/\/retro-forma.com\/tr\/almanya\/1899-hoffenheim\/#breadcrumb\"},\"inLanguage\":\"da-DK\",\"potentialAction\":[{\"@type\":\"ReadAction\",\"target\":[\"https:\/\/retro-forma.com\/tr\/almanya\/1899-hoffenheim\/\"]}]},{\"@type\":\"BreadcrumbList\",\"@id\":\"https:\/\/retro-forma.com\/tr\/almanya\/1899-hoffenheim\/#breadcrumb\",\"itemListElement\":[{\"@type\":\"ListItem\",\"position\":1,\"name\":\"Hjem\",\"item\":\"https:\/\/retro-forma.com\/tr\/\"},{\"@type\":\"ListItem\",\"position\":2,\"name\":\"Almanya\",\"item\":\"https:\/\/retro-forma.com\/tr\/almanya\/\"},{\"@type\":\"ListItem\",\"position\":3,\"name\":\"Hoffenheim\"}]},{\"@type\":\"WebSite\",\"@id\":\"https:\/\/retro-forma.com\/tr\/#website\",\"url\":\"https:\/\/retro-forma.com\/tr\/\",\"name\":\"Retro Forma\",\"description\":\"\",\"publisher\":{\"@id\":\"https:\/\/retro-forma.com\/tr\/#organization\"},\"potentialAction\":[{\"@type\":\"SearchAction\",\"target\":{\"@type\":\"EntryPoint\",\"urlTemplate\":\"https:\/\/retro-forma.com\/tr\/?s={search_term_string}\"},\"query-input\":\"required name=search_term_string\"}],\"inLanguage\":\"da-DK\"},{\"@type\":\"Organization\",\"@id\":\"https:\/\/retro-forma.com\/tr\/#organization\",\"name\":\"Retro Forma\",\"url\":\"https:\/\/retro-forma.com\/tr\/\",\"logo\":{\"@type\":\"ImageObject\",\"inLanguage\":\"da-DK\",\"@id\":\"https:\/\/retro-forma.com\/tr\/#\/schema\/logo\/image\/\",\"url\":\"https:\/\/retro-forma.com\/tr\/wp-content\/uploads\/2023\/02\/Retro-troeje.png\",\"contentUrl\":\"https:\/\/retro-forma.com\/tr\/wp-content\/uploads\/2023\/02\/Retro-troeje.png\",\"width\":250,\"height\":100,\"caption\":\"Retro Forma\"},\"image\":{\"@id\":\"https:\/\/retro-forma.com\/tr\/#\/schema\/logo\/image\/\"}}]}<\/script>\n<!-- \/ Yoast SEO plugin. -->","yoast_head_json":{"title":"Retro 1899 Hoffenheim forma. Ceket \/ formas\u0131","description":"1899 Hoffenheim'da futbol kul\u00fcb\u00fcn\u00fcn k\u00f6kl\u00fc ge\u00e7mi\u015fi ve retro forma ile kendinizi \u00f6zel hissedin! \u015eimdi, bu e\u015fsiz kul\u00fcb\u00fcn k\u00f6kl\u00fc ge\u00e7mi\u015fini ve retro formas\u0131n\u0131n g\u00fczelli\u011fini ke\u015ffedin!","robots":{"index":"index","follow":"follow","max-snippet":"max-snippet:-1","max-image-preview":"max-image-preview:large","max-video-preview":"max-video-preview:-1"},"canonical":"https:\/\/retro-forma.com\/tr\/almanya\/1899-hoffenheim\/","og_locale":"da_DK","og_type":"article","og_title":"Retro 1899 Hoffenheim forma. Ceket \/ formas\u0131","og_description":"1899 Hoffenheim'da futbol kul\u00fcb\u00fcn\u00fcn k\u00f6kl\u00fc ge\u00e7mi\u015fi ve retro forma ile kendinizi \u00f6zel hissedin! \u015eimdi, bu e\u015fsiz kul\u00fcb\u00fcn k\u00f6kl\u00fc ge\u00e7mi\u015fini ve retro formas\u0131n\u0131n g\u00fczelli\u011fini ke\u015ffedin!","og_url":"https:\/\/retro-forma.com\/tr\/almanya\/1899-hoffenheim\/","og_site_name":"Retro Forma","article_modified_time":"2023-02-11T13:13:55+00:00","og_image":[{"width":150,"height":150,"url":"https:\/\/retro-forma.com\/tr\/wp-content\/uploads\/2023\/02\/167.png","type":"image\/png"}],"twitter_card":"summary_large_image","schema":{"@context":"https:\/\/schema.org","@graph":[{"@type":"WebPage","@id":"https:\/\/retro-forma.com\/tr\/almanya\/1899-hoffenheim\/","url":"https:\/\/retro-forma.com\/tr\/almanya\/1899-hoffenheim\/","name":"Retro 1899 Hoffenheim forma. Ceket \/ formas\u0131","isPartOf":{"@id":"https:\/\/retro-forma.com\/tr\/#website"},"datePublished":"2023-02-11T11:07:40+00:00","dateModified":"2023-02-11T13:13:55+00:00","description":"1899 Hoffenheim'da futbol kul\u00fcb\u00fcn\u00fcn k\u00f6kl\u00fc ge\u00e7mi\u015fi ve retro forma ile kendinizi \u00f6zel hissedin! \u015eimdi, bu e\u015fsiz kul\u00fcb\u00fcn k\u00f6kl\u00fc ge\u00e7mi\u015fini ve retro formas\u0131n\u0131n g\u00fczelli\u011fini ke\u015ffedin!","breadcrumb":{"@id":"https:\/\/retro-forma.com\/tr\/almanya\/1899-hoffenheim\/#breadcrumb"},"inLanguage":"da-DK","potentialAction":[{"@type":"ReadAction","target":["https:\/\/retro-forma.com\/tr\/almanya\/1899-hoffenheim\/"]}]},{"@type":"BreadcrumbList","@id":"https:\/\/retro-forma.com\/tr\/almanya\/1899-hoffenheim\/#breadcrumb","itemListElement":[{"@type":"ListItem","position":1,"name":"Hjem","item":"https:\/\/retro-forma.com\/tr\/"},{"@type":"ListItem","position":2,"name":"Almanya","item":"https:\/\/retro-forma.com\/tr\/almanya\/"},{"@type":"ListItem","position":3,"name":"Hoffenheim"}]},{"@type":"WebSite","@id":"https:\/\/retro-forma.com\/tr\/#website","url":"https:\/\/retro-forma.com\/tr\/","name":"Retro Forma","description":"","publisher":{"@id":"https:\/\/retro-forma.com\/tr\/#organization"},"potentialAction":[{"@type":"SearchAction","target":{"@type":"EntryPoint","urlTemplate":"https:\/\/retro-forma.com\/tr\/?s={search_term_string}"},"query-input":"required name=search_term_string"}],"inLanguage":"da-DK"},{"@type":"Organization","@id":"https:\/\/retro-forma.com\/tr\/#organization","name":"Retro Forma","url":"https:\/\/retro-forma.com\/tr\/","logo":{"@type":"ImageObject","inLanguage":"da-DK","@id":"https:\/\/retro-forma.com\/tr\/#\/schema\/logo\/image\/","url":"https:\/\/retro-forma.com\/tr\/wp-content\/uploads\/2023\/02\/Retro-troeje.png","contentUrl":"https:\/\/retro-forma.com\/tr\/wp-content\/uploads\/2023\/02\/Retro-troeje.png","width":250,"height":100,"caption":"Retro Forma"},"image":{"@id":"https:\/\/retro-forma.com\/tr\/#\/schema\/logo\/image\/"}}]}},"_links":{"self":[{"href":"https:\/\/retro-forma.com\/tr\/wp-json\/wp\/v2\/pages\/224","targetHints":{"allow":["GET"]}}],"collection":[{"href":"https:\/\/retro-forma.com\/tr\/wp-json\/wp\/v2\/pages"}],"about":[{"href":"https:\/\/retro-forma.com\/tr\/wp-json\/wp\/v2\/types\/page"}],"author":[{"embeddable":true,"href":"https:\/\/retro-forma.com\/tr\/wp-json\/wp\/v2\/users\/1"}],"replies":[{"embeddable":true,"href":"https:\/\/retro-forma.com\/tr\/wp-json\/wp\/v2\/comments?post=224"}],"version-history":[{"count":1,"href":"https:\/\/retro-forma.com\/tr\/wp-json\/wp\/v2\/pages\/224\/revisions"}],"predecessor-version":[{"id":289,"href":"https:\/\/retro-forma.com\/tr\/wp-json\/wp\/v2\/pages\/224\/revisions\/289"}],"up":[{"embeddable":true,"href":"https:\/\/retro-forma.com\/tr\/wp-json\/wp\/v2\/pages\/206"}],"wp:featuredmedia":[{"embeddable":true,"href":"https:\/\/retro-forma.com\/tr\/wp-json\/wp\/v2\/media\/225"}],"wp:attachment":[{"href":"https:\/\/retro-forma.com\/tr\/wp-json\/wp\/v2\/media?parent=224"}],"curies":[{"name":"wp","href":"https:\/\/api.w.org\/{rel}","templated":true}]}}