{"id":188,"date":"2023-02-11T10:39:17","date_gmt":"2023-02-11T10:39:17","guid":{"rendered":"https:\/\/retro-forma.com\/tr\/ispanya\/real-sociedad\/"},"modified":"2023-02-11T10:39:17","modified_gmt":"2023-02-11T10:39:17","slug":"real-sociedad","status":"publish","type":"page","link":"https:\/\/retro-forma.com\/tr\/ispanya\/real-sociedad\/","title":{"rendered":"Real Sociedad"},"content":{"rendered":"<p>Real Sociedad, 1909 y\u0131l\u0131nda kurulmu\u015f bir \u0130spanyol futbol kul\u00fcb\u00fcd\u00fcr. Anoeta Stadyumu, 32.000 ki\u015filik kapasitesiyle kul\u00fcb\u00fcn ev sahipli\u011fi yapmaktad\u0131r. Kul\u00fcb\u00fcn retro formas\u0131, beyaz ve k\u0131rm\u0131z\u0131 renklerinin birle\u015fiminden olu\u015fmaktad\u0131r. Real Sociedad, \u0130spanya La Liga ve UEFA Avrupa Ligi&#8217;nde m\u00fccadele etmektedir.<\/p>\n<p>&nbsp;<\/p>\n<p>&nbsp;<\/p>\n<p>Stadyum: Reale Arena<\/p>\n<p>Adres: Paseo de Anoeta 1, Donostia-San Sebasti\u00e1n<\/p>\n<p>Kapasite: 39500<\/p>\n<p><img decoding=\"async\" src=\"https:\/\/media.api-sports.io\/football\/venues\/1491.png\" \/><\/p>\n<p>&nbsp;<\/p>\n<p>Temelde: 1909<\/p>\n","protected":false},"excerpt":{"rendered":"<p>Retro Jersey, Real Sociedad&#8217;\u0131n k\u00f6kl\u00fc tarihi ve k\u00fclt\u00fcr\u00fcn\u00fc yans\u0131tan \u00f6zel bir koleksiyonu olu\u015fturmak i\u00e7in tasarlanm\u0131\u015ft\u0131r. Real Sociedad, \u0130spanya&#8217;n\u0131n Gipuzkoa b\u00f6lgesinde kurulmu\u015f bir futbol kul\u00fcb\u00fcd\u00fcr. Kul\u00fcp, 1908&#8217;de kurulmu\u015f ve \u00e7ok say\u0131da ba\u015far\u0131l\u0131 sezon ge\u00e7irmi\u015ftir. Real Sociedad, taraftarlar\u0131na \u00f6zel o<\/p>\n","protected":false},"author":1,"featured_media":189,"parent":162,"menu_order":0,"comment_status":"open","ping_status":"open","template":"","meta":{"inline_featured_image":false,"footnotes":""},"class_list":["post-188","page","type-page","status-publish","has-post-thumbnail","hentry"],"yoast_head":"<!-- This site is optimized with the Yoast SEO plugin v20.0 - https:\/\/yoast.com\/wordpress\/plugins\/seo\/ -->\n<title>Retro Real Sociedad forma. Ceket \/ formas\u0131<\/title>\n<meta name=\"description\" content=\"Real Sociedad&#039;da, klasik retro forma ve kul\u00fcp \u00fcr\u00fcnleriyle taraftarlar\u0131n\u0131n gururunu hissetmesini sa\u011flayan bir ma\u011faza. \u015eimdi, Real Sociedad&#039;\u0131n klasik retro formas\u0131n\u0131 ve kul\u00fcp \u00fcr\u00fcnlerini sat\u0131n al\u0131n ve tak\u0131m\u0131n\u0131z\u0131n gururunu hissedin!\" \/>\n<meta name=\"robots\" content=\"index, follow, max-snippet:-1, max-image-preview:large, max-video-preview:-1\" \/>\n<link rel=\"canonical\" href=\"https:\/\/retro-forma.com\/tr\/ispanya\/real-sociedad\/\" \/>\n<meta property=\"og:locale\" content=\"da_DK\" \/>\n<meta property=\"og:type\" content=\"article\" \/>\n<meta property=\"og:title\" content=\"Retro Real Sociedad forma. Ceket \/ formas\u0131\" \/>\n<meta property=\"og:description\" content=\"Real Sociedad&#039;da, klasik retro forma ve kul\u00fcp \u00fcr\u00fcnleriyle taraftarlar\u0131n\u0131n gururunu hissetmesini sa\u011flayan bir ma\u011faza. \u015eimdi, Real Sociedad&#039;\u0131n klasik retro formas\u0131n\u0131 ve kul\u00fcp \u00fcr\u00fcnlerini sat\u0131n al\u0131n ve tak\u0131m\u0131n\u0131z\u0131n gururunu hissedin!\" \/>\n<meta property=\"og:url\" content=\"https:\/\/retro-forma.com\/tr\/ispanya\/real-sociedad\/\" \/>\n<meta property=\"og:site_name\" content=\"Retro Forma\" \/>\n<meta property=\"og:image\" content=\"https:\/\/retro-forma.com\/tr\/wp-content\/uploads\/2023\/02\/548.png\" \/>\n\t<meta property=\"og:image:width\" content=\"150\" \/>\n\t<meta property=\"og:image:height\" content=\"150\" \/>\n\t<meta property=\"og:image:type\" content=\"image\/png\" \/>\n<meta name=\"twitter:card\" content=\"summary_large_image\" \/>\n<script type=\"application\/ld+json\" class=\"yoast-schema-graph\">{\"@context\":\"https:\/\/schema.org\",\"@graph\":[{\"@type\":\"WebPage\",\"@id\":\"https:\/\/retro-forma.com\/tr\/ispanya\/real-sociedad\/\",\"url\":\"https:\/\/retro-forma.com\/tr\/ispanya\/real-sociedad\/\",\"name\":\"Retro Real Sociedad forma. Ceket \/ formas\u0131\",\"isPartOf\":{\"@id\":\"https:\/\/retro-forma.com\/tr\/#website\"},\"datePublished\":\"2023-02-11T10:39:17+00:00\",\"dateModified\":\"2023-02-11T10:39:17+00:00\",\"description\":\"Real Sociedad'da, klasik retro forma ve kul\u00fcp \u00fcr\u00fcnleriyle taraftarlar\u0131n\u0131n gururunu hissetmesini sa\u011flayan bir ma\u011faza. \u015eimdi, Real Sociedad'\u0131n klasik retro formas\u0131n\u0131 ve kul\u00fcp \u00fcr\u00fcnlerini sat\u0131n al\u0131n ve tak\u0131m\u0131n\u0131z\u0131n gururunu hissedin!\",\"breadcrumb\":{\"@id\":\"https:\/\/retro-forma.com\/tr\/ispanya\/real-sociedad\/#breadcrumb\"},\"inLanguage\":\"da-DK\",\"potentialAction\":[{\"@type\":\"ReadAction\",\"target\":[\"https:\/\/retro-forma.com\/tr\/ispanya\/real-sociedad\/\"]}]},{\"@type\":\"BreadcrumbList\",\"@id\":\"https:\/\/retro-forma.com\/tr\/ispanya\/real-sociedad\/#breadcrumb\",\"itemListElement\":[{\"@type\":\"ListItem\",\"position\":1,\"name\":\"Hjem\",\"item\":\"https:\/\/retro-forma.com\/tr\/\"},{\"@type\":\"ListItem\",\"position\":2,\"name\":\"ispanya\",\"item\":\"https:\/\/retro-forma.com\/tr\/ispanya\/\"},{\"@type\":\"ListItem\",\"position\":3,\"name\":\"Real Sociedad\"}]},{\"@type\":\"WebSite\",\"@id\":\"https:\/\/retro-forma.com\/tr\/#website\",\"url\":\"https:\/\/retro-forma.com\/tr\/\",\"name\":\"Retro Forma\",\"description\":\"\",\"publisher\":{\"@id\":\"https:\/\/retro-forma.com\/tr\/#organization\"},\"potentialAction\":[{\"@type\":\"SearchAction\",\"target\":{\"@type\":\"EntryPoint\",\"urlTemplate\":\"https:\/\/retro-forma.com\/tr\/?s={search_term_string}\"},\"query-input\":\"required name=search_term_string\"}],\"inLanguage\":\"da-DK\"},{\"@type\":\"Organization\",\"@id\":\"https:\/\/retro-forma.com\/tr\/#organization\",\"name\":\"Retro Forma\",\"url\":\"https:\/\/retro-forma.com\/tr\/\",\"logo\":{\"@type\":\"ImageObject\",\"inLanguage\":\"da-DK\",\"@id\":\"https:\/\/retro-forma.com\/tr\/#\/schema\/logo\/image\/\",\"url\":\"https:\/\/retro-forma.com\/tr\/wp-content\/uploads\/2023\/02\/Retro-troeje.png\",\"contentUrl\":\"https:\/\/retro-forma.com\/tr\/wp-content\/uploads\/2023\/02\/Retro-troeje.png\",\"width\":250,\"height\":100,\"caption\":\"Retro Forma\"},\"image\":{\"@id\":\"https:\/\/retro-forma.com\/tr\/#\/schema\/logo\/image\/\"}}]}<\/script>\n<!-- \/ Yoast SEO plugin. -->","yoast_head_json":{"title":"Retro Real Sociedad forma. Ceket \/ formas\u0131","description":"Real Sociedad'da, klasik retro forma ve kul\u00fcp \u00fcr\u00fcnleriyle taraftarlar\u0131n\u0131n gururunu hissetmesini sa\u011flayan bir ma\u011faza. \u015eimdi, Real Sociedad'\u0131n klasik retro formas\u0131n\u0131 ve kul\u00fcp \u00fcr\u00fcnlerini sat\u0131n al\u0131n ve tak\u0131m\u0131n\u0131z\u0131n gururunu hissedin!","robots":{"index":"index","follow":"follow","max-snippet":"max-snippet:-1","max-image-preview":"max-image-preview:large","max-video-preview":"max-video-preview:-1"},"canonical":"https:\/\/retro-forma.com\/tr\/ispanya\/real-sociedad\/","og_locale":"da_DK","og_type":"article","og_title":"Retro Real Sociedad forma. Ceket \/ formas\u0131","og_description":"Real Sociedad'da, klasik retro forma ve kul\u00fcp \u00fcr\u00fcnleriyle taraftarlar\u0131n\u0131n gururunu hissetmesini sa\u011flayan bir ma\u011faza. \u015eimdi, Real Sociedad'\u0131n klasik retro formas\u0131n\u0131 ve kul\u00fcp \u00fcr\u00fcnlerini sat\u0131n al\u0131n ve tak\u0131m\u0131n\u0131z\u0131n gururunu hissedin!","og_url":"https:\/\/retro-forma.com\/tr\/ispanya\/real-sociedad\/","og_site_name":"Retro Forma","og_image":[{"width":150,"height":150,"url":"https:\/\/retro-forma.com\/tr\/wp-content\/uploads\/2023\/02\/548.png","type":"image\/png"}],"twitter_card":"summary_large_image","schema":{"@context":"https:\/\/schema.org","@graph":[{"@type":"WebPage","@id":"https:\/\/retro-forma.com\/tr\/ispanya\/real-sociedad\/","url":"https:\/\/retro-forma.com\/tr\/ispanya\/real-sociedad\/","name":"Retro Real Sociedad forma. Ceket \/ formas\u0131","isPartOf":{"@id":"https:\/\/retro-forma.com\/tr\/#website"},"datePublished":"2023-02-11T10:39:17+00:00","dateModified":"2023-02-11T10:39:17+00:00","description":"Real Sociedad'da, klasik retro forma ve kul\u00fcp \u00fcr\u00fcnleriyle taraftarlar\u0131n\u0131n gururunu hissetmesini sa\u011flayan bir ma\u011faza. \u015eimdi, Real Sociedad'\u0131n klasik retro formas\u0131n\u0131 ve kul\u00fcp \u00fcr\u00fcnlerini sat\u0131n al\u0131n ve tak\u0131m\u0131n\u0131z\u0131n gururunu hissedin!","breadcrumb":{"@id":"https:\/\/retro-forma.com\/tr\/ispanya\/real-sociedad\/#breadcrumb"},"inLanguage":"da-DK","potentialAction":[{"@type":"ReadAction","target":["https:\/\/retro-forma.com\/tr\/ispanya\/real-sociedad\/"]}]},{"@type":"BreadcrumbList","@id":"https:\/\/retro-forma.com\/tr\/ispanya\/real-sociedad\/#breadcrumb","itemListElement":[{"@type":"ListItem","position":1,"name":"Hjem","item":"https:\/\/retro-forma.com\/tr\/"},{"@type":"ListItem","position":2,"name":"ispanya","item":"https:\/\/retro-forma.com\/tr\/ispanya\/"},{"@type":"ListItem","position":3,"name":"Real Sociedad"}]},{"@type":"WebSite","@id":"https:\/\/retro-forma.com\/tr\/#website","url":"https:\/\/retro-forma.com\/tr\/","name":"Retro Forma","description":"","publisher":{"@id":"https:\/\/retro-forma.com\/tr\/#organization"},"potentialAction":[{"@type":"SearchAction","target":{"@type":"EntryPoint","urlTemplate":"https:\/\/retro-forma.com\/tr\/?s={search_term_string}"},"query-input":"required name=search_term_string"}],"inLanguage":"da-DK"},{"@type":"Organization","@id":"https:\/\/retro-forma.com\/tr\/#organization","name":"Retro Forma","url":"https:\/\/retro-forma.com\/tr\/","logo":{"@type":"ImageObject","inLanguage":"da-DK","@id":"https:\/\/retro-forma.com\/tr\/#\/schema\/logo\/image\/","url":"https:\/\/retro-forma.com\/tr\/wp-content\/uploads\/2023\/02\/Retro-troeje.png","contentUrl":"https:\/\/retro-forma.com\/tr\/wp-content\/uploads\/2023\/02\/Retro-troeje.png","width":250,"height":100,"caption":"Retro Forma"},"image":{"@id":"https:\/\/retro-forma.com\/tr\/#\/schema\/logo\/image\/"}}]}},"_links":{"self":[{"href":"https:\/\/retro-forma.com\/tr\/wp-json\/wp\/v2\/pages\/188","targetHints":{"allow":["GET"]}}],"collection":[{"href":"https:\/\/retro-forma.com\/tr\/wp-json\/wp\/v2\/pages"}],"about":[{"href":"https:\/\/retro-forma.com\/tr\/wp-json\/wp\/v2\/types\/page"}],"author":[{"embeddable":true,"href":"https:\/\/retro-forma.com\/tr\/wp-json\/wp\/v2\/users\/1"}],"replies":[{"embeddable":true,"href":"https:\/\/retro-forma.com\/tr\/wp-json\/wp\/v2\/comments?post=188"}],"version-history":[{"count":0,"href":"https:\/\/retro-forma.com\/tr\/wp-json\/wp\/v2\/pages\/188\/revisions"}],"up":[{"embeddable":true,"href":"https:\/\/retro-forma.com\/tr\/wp-json\/wp\/v2\/pages\/162"}],"wp:featuredmedia":[{"embeddable":true,"href":"https:\/\/retro-forma.com\/tr\/wp-json\/wp\/v2\/media\/189"}],"wp:attachment":[{"href":"https:\/\/retro-forma.com\/tr\/wp-json\/wp\/v2\/media?parent=188"}],"curies":[{"name":"wp","href":"https:\/\/api.w.org\/{rel}","templated":true}]}}