{"id":176,"date":"2023-02-11T10:39:17","date_gmt":"2023-02-11T10:39:17","guid":{"rendered":"https:\/\/retro-forma.com\/tr\/ispanya\/celta-vigo\/"},"modified":"2023-02-11T10:39:17","modified_gmt":"2023-02-11T10:39:17","slug":"celta-vigo","status":"publish","type":"page","link":"https:\/\/retro-forma.com\/tr\/ispanya\/celta-vigo\/","title":{"rendered":"Celta Vigo"},"content":{"rendered":"<p>Celta Vigo, 1923 y\u0131l\u0131nda kurulmu\u015f bir \u0130spanyol futbol kul\u00fcb\u00fcd\u00fcr. Kul\u00fcb\u00fcn stadyumu, Balaidos, 29.000 ki\u015filik kapasiteye sahiptir. Celta Vigo&#8217;nun retro formas\u0131, mavi ve beyaz renkleriyle \u00f6ne \u00e7\u0131kar. Forma, kul\u00fcb\u00fcn kurulu\u015fundan bu yana kullan\u0131lan renkleri ta\u015f\u0131maktad\u0131r.<\/p>\n<p>&nbsp;<\/p>\n<p>&nbsp;<\/p>\n<p>Stadyum: Abanca-Bala\u00eddos<\/p>\n<p>Adres: Avenida de Bala\u00eddos, Vigo<\/p>\n<p>Kapasite: 31800<\/p>\n<p><img decoding=\"async\" src=\"https:\/\/media.api-sports.io\/football\/venues\/1467.png\" \/><\/p>\n<p>&nbsp;<\/p>\n<p>Temelde: 1923<\/p>\n","protected":false},"excerpt":{"rendered":"<p>Retro Jersey ve Kul\u00fcb\u00fc<\/p>\n<p>Celta Vigo, \u0130spanya&#8217;da Gali\u00e7ya b\u00f6lgesinde bulunan bir futbol kul\u00fcb\u00fcd\u00fcr. Celta Vigo, kul\u00fcb\u00fcn\u00fcn k\u00f6kl\u00fc tarihinden esinlenerek, retro \u00e7izgileriyle \u00f6zg\u00fcn bir g\u00f6r\u00fcn\u00fcme sahip olan \u00f6zel bir forma tasarlam\u0131\u015ft\u0131r. Celta Vigo, kul\u00fcb\u00fcn\u00fcn tarihini ve k\u00f6kl\u00fc k\u00fclt\u00fcr\u00fcn\u00fc yans\u0131tan bu \u00f6zel formay<\/p>\n","protected":false},"author":1,"featured_media":177,"parent":162,"menu_order":0,"comment_status":"open","ping_status":"open","template":"","meta":{"inline_featured_image":false,"footnotes":""},"class_list":["post-176","page","type-page","status-publish","has-post-thumbnail","hentry"],"yoast_head":"<!-- This site is optimized with the Yoast SEO plugin v20.0 - https:\/\/yoast.com\/wordpress\/plugins\/seo\/ -->\n<title>Retro Celta Vigo forma. Ceket \/ formas\u0131<\/title>\n<meta name=\"description\" content=\"Celta Vigo&#039;nun tarihi ve klasik retro formas\u0131n\u0131n tad\u0131n\u0131 \u00e7\u0131kar\u0131n! Celta Vigo, \u0130spanya&#039;n\u0131n en eski ve en sevilen futbol kul\u00fcplerinden biridir. \u015eimdi, kul\u00fcb\u00fcn tarihi ve klasik retro formas\u0131n\u0131n tad\u0131n\u0131 \u00e7\u0131kar\u0131n!\" \/>\n<meta name=\"robots\" content=\"index, follow, max-snippet:-1, max-image-preview:large, max-video-preview:-1\" \/>\n<link rel=\"canonical\" href=\"https:\/\/retro-forma.com\/tr\/ispanya\/celta-vigo\/\" \/>\n<meta property=\"og:locale\" content=\"da_DK\" \/>\n<meta property=\"og:type\" content=\"article\" \/>\n<meta property=\"og:title\" content=\"Retro Celta Vigo forma. Ceket \/ formas\u0131\" \/>\n<meta property=\"og:description\" content=\"Celta Vigo&#039;nun tarihi ve klasik retro formas\u0131n\u0131n tad\u0131n\u0131 \u00e7\u0131kar\u0131n! Celta Vigo, \u0130spanya&#039;n\u0131n en eski ve en sevilen futbol kul\u00fcplerinden biridir. \u015eimdi, kul\u00fcb\u00fcn tarihi ve klasik retro formas\u0131n\u0131n tad\u0131n\u0131 \u00e7\u0131kar\u0131n!\" \/>\n<meta property=\"og:url\" content=\"https:\/\/retro-forma.com\/tr\/ispanya\/celta-vigo\/\" \/>\n<meta property=\"og:site_name\" content=\"Retro Forma\" \/>\n<meta property=\"og:image\" content=\"https:\/\/retro-forma.com\/tr\/wp-content\/uploads\/2023\/02\/538.png\" \/>\n\t<meta property=\"og:image:width\" content=\"150\" \/>\n\t<meta property=\"og:image:height\" content=\"150\" \/>\n\t<meta property=\"og:image:type\" content=\"image\/png\" \/>\n<meta name=\"twitter:card\" content=\"summary_large_image\" \/>\n<script type=\"application\/ld+json\" class=\"yoast-schema-graph\">{\"@context\":\"https:\/\/schema.org\",\"@graph\":[{\"@type\":\"WebPage\",\"@id\":\"https:\/\/retro-forma.com\/tr\/ispanya\/celta-vigo\/\",\"url\":\"https:\/\/retro-forma.com\/tr\/ispanya\/celta-vigo\/\",\"name\":\"Retro Celta Vigo forma. Ceket \/ formas\u0131\",\"isPartOf\":{\"@id\":\"https:\/\/retro-forma.com\/tr\/#website\"},\"datePublished\":\"2023-02-11T10:39:17+00:00\",\"dateModified\":\"2023-02-11T10:39:17+00:00\",\"description\":\"Celta Vigo'nun tarihi ve klasik retro formas\u0131n\u0131n tad\u0131n\u0131 \u00e7\u0131kar\u0131n! Celta Vigo, \u0130spanya'n\u0131n en eski ve en sevilen futbol kul\u00fcplerinden biridir. \u015eimdi, kul\u00fcb\u00fcn tarihi ve klasik retro formas\u0131n\u0131n tad\u0131n\u0131 \u00e7\u0131kar\u0131n!\",\"breadcrumb\":{\"@id\":\"https:\/\/retro-forma.com\/tr\/ispanya\/celta-vigo\/#breadcrumb\"},\"inLanguage\":\"da-DK\",\"potentialAction\":[{\"@type\":\"ReadAction\",\"target\":[\"https:\/\/retro-forma.com\/tr\/ispanya\/celta-vigo\/\"]}]},{\"@type\":\"BreadcrumbList\",\"@id\":\"https:\/\/retro-forma.com\/tr\/ispanya\/celta-vigo\/#breadcrumb\",\"itemListElement\":[{\"@type\":\"ListItem\",\"position\":1,\"name\":\"Hjem\",\"item\":\"https:\/\/retro-forma.com\/tr\/\"},{\"@type\":\"ListItem\",\"position\":2,\"name\":\"ispanya\",\"item\":\"https:\/\/retro-forma.com\/tr\/ispanya\/\"},{\"@type\":\"ListItem\",\"position\":3,\"name\":\"Celta Vigo\"}]},{\"@type\":\"WebSite\",\"@id\":\"https:\/\/retro-forma.com\/tr\/#website\",\"url\":\"https:\/\/retro-forma.com\/tr\/\",\"name\":\"Retro Forma\",\"description\":\"\",\"publisher\":{\"@id\":\"https:\/\/retro-forma.com\/tr\/#organization\"},\"potentialAction\":[{\"@type\":\"SearchAction\",\"target\":{\"@type\":\"EntryPoint\",\"urlTemplate\":\"https:\/\/retro-forma.com\/tr\/?s={search_term_string}\"},\"query-input\":\"required name=search_term_string\"}],\"inLanguage\":\"da-DK\"},{\"@type\":\"Organization\",\"@id\":\"https:\/\/retro-forma.com\/tr\/#organization\",\"name\":\"Retro Forma\",\"url\":\"https:\/\/retro-forma.com\/tr\/\",\"logo\":{\"@type\":\"ImageObject\",\"inLanguage\":\"da-DK\",\"@id\":\"https:\/\/retro-forma.com\/tr\/#\/schema\/logo\/image\/\",\"url\":\"https:\/\/retro-forma.com\/tr\/wp-content\/uploads\/2023\/02\/Retro-troeje.png\",\"contentUrl\":\"https:\/\/retro-forma.com\/tr\/wp-content\/uploads\/2023\/02\/Retro-troeje.png\",\"width\":250,\"height\":100,\"caption\":\"Retro Forma\"},\"image\":{\"@id\":\"https:\/\/retro-forma.com\/tr\/#\/schema\/logo\/image\/\"}}]}<\/script>\n<!-- \/ Yoast SEO plugin. -->","yoast_head_json":{"title":"Retro Celta Vigo forma. Ceket \/ formas\u0131","description":"Celta Vigo'nun tarihi ve klasik retro formas\u0131n\u0131n tad\u0131n\u0131 \u00e7\u0131kar\u0131n! Celta Vigo, \u0130spanya'n\u0131n en eski ve en sevilen futbol kul\u00fcplerinden biridir. \u015eimdi, kul\u00fcb\u00fcn tarihi ve klasik retro formas\u0131n\u0131n tad\u0131n\u0131 \u00e7\u0131kar\u0131n!","robots":{"index":"index","follow":"follow","max-snippet":"max-snippet:-1","max-image-preview":"max-image-preview:large","max-video-preview":"max-video-preview:-1"},"canonical":"https:\/\/retro-forma.com\/tr\/ispanya\/celta-vigo\/","og_locale":"da_DK","og_type":"article","og_title":"Retro Celta Vigo forma. Ceket \/ formas\u0131","og_description":"Celta Vigo'nun tarihi ve klasik retro formas\u0131n\u0131n tad\u0131n\u0131 \u00e7\u0131kar\u0131n! Celta Vigo, \u0130spanya'n\u0131n en eski ve en sevilen futbol kul\u00fcplerinden biridir. \u015eimdi, kul\u00fcb\u00fcn tarihi ve klasik retro formas\u0131n\u0131n tad\u0131n\u0131 \u00e7\u0131kar\u0131n!","og_url":"https:\/\/retro-forma.com\/tr\/ispanya\/celta-vigo\/","og_site_name":"Retro Forma","og_image":[{"width":150,"height":150,"url":"https:\/\/retro-forma.com\/tr\/wp-content\/uploads\/2023\/02\/538.png","type":"image\/png"}],"twitter_card":"summary_large_image","schema":{"@context":"https:\/\/schema.org","@graph":[{"@type":"WebPage","@id":"https:\/\/retro-forma.com\/tr\/ispanya\/celta-vigo\/","url":"https:\/\/retro-forma.com\/tr\/ispanya\/celta-vigo\/","name":"Retro Celta Vigo forma. Ceket \/ formas\u0131","isPartOf":{"@id":"https:\/\/retro-forma.com\/tr\/#website"},"datePublished":"2023-02-11T10:39:17+00:00","dateModified":"2023-02-11T10:39:17+00:00","description":"Celta Vigo'nun tarihi ve klasik retro formas\u0131n\u0131n tad\u0131n\u0131 \u00e7\u0131kar\u0131n! Celta Vigo, \u0130spanya'n\u0131n en eski ve en sevilen futbol kul\u00fcplerinden biridir. \u015eimdi, kul\u00fcb\u00fcn tarihi ve klasik retro formas\u0131n\u0131n tad\u0131n\u0131 \u00e7\u0131kar\u0131n!","breadcrumb":{"@id":"https:\/\/retro-forma.com\/tr\/ispanya\/celta-vigo\/#breadcrumb"},"inLanguage":"da-DK","potentialAction":[{"@type":"ReadAction","target":["https:\/\/retro-forma.com\/tr\/ispanya\/celta-vigo\/"]}]},{"@type":"BreadcrumbList","@id":"https:\/\/retro-forma.com\/tr\/ispanya\/celta-vigo\/#breadcrumb","itemListElement":[{"@type":"ListItem","position":1,"name":"Hjem","item":"https:\/\/retro-forma.com\/tr\/"},{"@type":"ListItem","position":2,"name":"ispanya","item":"https:\/\/retro-forma.com\/tr\/ispanya\/"},{"@type":"ListItem","position":3,"name":"Celta Vigo"}]},{"@type":"WebSite","@id":"https:\/\/retro-forma.com\/tr\/#website","url":"https:\/\/retro-forma.com\/tr\/","name":"Retro Forma","description":"","publisher":{"@id":"https:\/\/retro-forma.com\/tr\/#organization"},"potentialAction":[{"@type":"SearchAction","target":{"@type":"EntryPoint","urlTemplate":"https:\/\/retro-forma.com\/tr\/?s={search_term_string}"},"query-input":"required name=search_term_string"}],"inLanguage":"da-DK"},{"@type":"Organization","@id":"https:\/\/retro-forma.com\/tr\/#organization","name":"Retro Forma","url":"https:\/\/retro-forma.com\/tr\/","logo":{"@type":"ImageObject","inLanguage":"da-DK","@id":"https:\/\/retro-forma.com\/tr\/#\/schema\/logo\/image\/","url":"https:\/\/retro-forma.com\/tr\/wp-content\/uploads\/2023\/02\/Retro-troeje.png","contentUrl":"https:\/\/retro-forma.com\/tr\/wp-content\/uploads\/2023\/02\/Retro-troeje.png","width":250,"height":100,"caption":"Retro Forma"},"image":{"@id":"https:\/\/retro-forma.com\/tr\/#\/schema\/logo\/image\/"}}]}},"_links":{"self":[{"href":"https:\/\/retro-forma.com\/tr\/wp-json\/wp\/v2\/pages\/176","targetHints":{"allow":["GET"]}}],"collection":[{"href":"https:\/\/retro-forma.com\/tr\/wp-json\/wp\/v2\/pages"}],"about":[{"href":"https:\/\/retro-forma.com\/tr\/wp-json\/wp\/v2\/types\/page"}],"author":[{"embeddable":true,"href":"https:\/\/retro-forma.com\/tr\/wp-json\/wp\/v2\/users\/1"}],"replies":[{"embeddable":true,"href":"https:\/\/retro-forma.com\/tr\/wp-json\/wp\/v2\/comments?post=176"}],"version-history":[{"count":0,"href":"https:\/\/retro-forma.com\/tr\/wp-json\/wp\/v2\/pages\/176\/revisions"}],"up":[{"embeddable":true,"href":"https:\/\/retro-forma.com\/tr\/wp-json\/wp\/v2\/pages\/162"}],"wp:featuredmedia":[{"embeddable":true,"href":"https:\/\/retro-forma.com\/tr\/wp-json\/wp\/v2\/media\/177"}],"wp:attachment":[{"href":"https:\/\/retro-forma.com\/tr\/wp-json\/wp\/v2\/media?parent=176"}],"curies":[{"name":"wp","href":"https:\/\/api.w.org\/{rel}","templated":true}]}}