{"id":172,"date":"2023-02-11T10:39:17","date_gmt":"2023-02-11T10:39:17","guid":{"rendered":"https:\/\/retro-forma.com\/tr\/ispanya\/villarreal\/"},"modified":"2023-02-11T10:39:17","modified_gmt":"2023-02-11T10:39:17","slug":"villarreal","status":"publish","type":"page","link":"https:\/\/retro-forma.com\/tr\/ispanya\/villarreal\/","title":{"rendered":"Villarreal"},"content":{"rendered":"<p>Villarreal, 1998 y\u0131l\u0131nda kurulmu\u015f bir kul\u00fcpt\u00fcr. \u015eu anda La Liga&#8217;da m\u00fccadele eden Villarreal, Estadio de la Cer\u00e1mica&#8217;da m\u00fccadelelerini s\u00fcrd\u00fcrmektedir. Estadio de la Cer\u00e1mica&#8217;n\u0131n kapasitesi 24.890&#8217;d\u0131r. Villarreal&#8217;in retro formas\u0131, ye\u015fil ve sar\u0131 renklerinin kombinasyonuyla olu\u015fturulmu\u015ftur.<\/p>\n<p>&nbsp;<\/p>\n<p>&nbsp;<\/p>\n<p>Stadyum: Estadio de la Cer\u00e1mica<\/p>\n<p>Adres: Plaza Labrador, Villarreal<\/p>\n<p>Kapasite: 24500<\/p>\n<p><img decoding=\"async\" src=\"https:\/\/media.api-sports.io\/football\/venues\/1498.png\" \/><\/p>\n<p>&nbsp;<\/p>\n<p>Temelde: 1923<\/p>\n","protected":false},"excerpt":{"rendered":"<p>Villarreal, \u0130spanya&#8217;da La Liga&#8217;da m\u00fccadele eden bir futbol kul\u00fcb\u00fcd\u00fcr. Villarreal, retro forma tasar\u0131mlar\u0131yla \u00fcnl\u00fcd\u00fcr ve bu forma tasar\u0131mlar\u0131, kul\u00fcb\u00fcn tarihini ve k\u00f6klerini kutlamak i\u00e7in tasarlanm\u0131\u015ft\u0131r. Villarreal, kul\u00fcb\u00fcn tarihinde \u00f6nemli ba\u015far\u0131lar elde etmi\u015ftir ve bu ba\u015far\u0131lar\u0131n\u0131n kutlanmas\u0131 i\u00e7in<\/p>\n","protected":false},"author":1,"featured_media":173,"parent":162,"menu_order":0,"comment_status":"open","ping_status":"open","template":"","meta":{"inline_featured_image":false,"footnotes":""},"class_list":["post-172","page","type-page","status-publish","has-post-thumbnail","hentry"],"yoast_head":"<!-- This site is optimized with the Yoast SEO plugin v20.0 - https:\/\/yoast.com\/wordpress\/plugins\/seo\/ -->\n<title>Retro Villarreal forma. Ceket \/ formas\u0131<\/title>\n<meta name=\"description\" content=\"Villarreal&#039;da, futbol kul\u00fcb\u00fcn\u00fcn k\u00f6kl\u00fc ge\u00e7mi\u015fi ve retro forma se\u00e7enekleri ile kendinizi \u00f6zel hissedin! Villarreal&#039;da, futbol tutkunlar\u0131n\u0131n keyif alaca\u011f\u0131 bir atmosfer var. \u015eimdi, Villarreal&#039;da futbol tutkunu olun ve retro forma se\u00e7eneklerinden birini se\u00e7in!\" \/>\n<meta name=\"robots\" content=\"index, follow, max-snippet:-1, max-image-preview:large, max-video-preview:-1\" \/>\n<link rel=\"canonical\" href=\"https:\/\/retro-forma.com\/tr\/ispanya\/villarreal\/\" \/>\n<meta property=\"og:locale\" content=\"da_DK\" \/>\n<meta property=\"og:type\" content=\"article\" \/>\n<meta property=\"og:title\" content=\"Retro Villarreal forma. Ceket \/ formas\u0131\" \/>\n<meta property=\"og:description\" content=\"Villarreal&#039;da, futbol kul\u00fcb\u00fcn\u00fcn k\u00f6kl\u00fc ge\u00e7mi\u015fi ve retro forma se\u00e7enekleri ile kendinizi \u00f6zel hissedin! Villarreal&#039;da, futbol tutkunlar\u0131n\u0131n keyif alaca\u011f\u0131 bir atmosfer var. \u015eimdi, Villarreal&#039;da futbol tutkunu olun ve retro forma se\u00e7eneklerinden birini se\u00e7in!\" \/>\n<meta property=\"og:url\" content=\"https:\/\/retro-forma.com\/tr\/ispanya\/villarreal\/\" \/>\n<meta property=\"og:site_name\" content=\"Retro Forma\" \/>\n<meta property=\"og:image\" content=\"https:\/\/retro-forma.com\/tr\/wp-content\/uploads\/2023\/02\/533.png\" \/>\n\t<meta property=\"og:image:width\" content=\"150\" \/>\n\t<meta property=\"og:image:height\" content=\"150\" \/>\n\t<meta property=\"og:image:type\" content=\"image\/png\" \/>\n<meta name=\"twitter:card\" content=\"summary_large_image\" \/>\n<script type=\"application\/ld+json\" class=\"yoast-schema-graph\">{\"@context\":\"https:\/\/schema.org\",\"@graph\":[{\"@type\":\"WebPage\",\"@id\":\"https:\/\/retro-forma.com\/tr\/ispanya\/villarreal\/\",\"url\":\"https:\/\/retro-forma.com\/tr\/ispanya\/villarreal\/\",\"name\":\"Retro Villarreal forma. Ceket \/ formas\u0131\",\"isPartOf\":{\"@id\":\"https:\/\/retro-forma.com\/tr\/#website\"},\"datePublished\":\"2023-02-11T10:39:17+00:00\",\"dateModified\":\"2023-02-11T10:39:17+00:00\",\"description\":\"Villarreal'da, futbol kul\u00fcb\u00fcn\u00fcn k\u00f6kl\u00fc ge\u00e7mi\u015fi ve retro forma se\u00e7enekleri ile kendinizi \u00f6zel hissedin! Villarreal'da, futbol tutkunlar\u0131n\u0131n keyif alaca\u011f\u0131 bir atmosfer var. \u015eimdi, Villarreal'da futbol tutkunu olun ve retro forma se\u00e7eneklerinden birini se\u00e7in!\",\"breadcrumb\":{\"@id\":\"https:\/\/retro-forma.com\/tr\/ispanya\/villarreal\/#breadcrumb\"},\"inLanguage\":\"da-DK\",\"potentialAction\":[{\"@type\":\"ReadAction\",\"target\":[\"https:\/\/retro-forma.com\/tr\/ispanya\/villarreal\/\"]}]},{\"@type\":\"BreadcrumbList\",\"@id\":\"https:\/\/retro-forma.com\/tr\/ispanya\/villarreal\/#breadcrumb\",\"itemListElement\":[{\"@type\":\"ListItem\",\"position\":1,\"name\":\"Hjem\",\"item\":\"https:\/\/retro-forma.com\/tr\/\"},{\"@type\":\"ListItem\",\"position\":2,\"name\":\"ispanya\",\"item\":\"https:\/\/retro-forma.com\/tr\/ispanya\/\"},{\"@type\":\"ListItem\",\"position\":3,\"name\":\"Villarreal\"}]},{\"@type\":\"WebSite\",\"@id\":\"https:\/\/retro-forma.com\/tr\/#website\",\"url\":\"https:\/\/retro-forma.com\/tr\/\",\"name\":\"Retro Forma\",\"description\":\"\",\"publisher\":{\"@id\":\"https:\/\/retro-forma.com\/tr\/#organization\"},\"potentialAction\":[{\"@type\":\"SearchAction\",\"target\":{\"@type\":\"EntryPoint\",\"urlTemplate\":\"https:\/\/retro-forma.com\/tr\/?s={search_term_string}\"},\"query-input\":\"required name=search_term_string\"}],\"inLanguage\":\"da-DK\"},{\"@type\":\"Organization\",\"@id\":\"https:\/\/retro-forma.com\/tr\/#organization\",\"name\":\"Retro Forma\",\"url\":\"https:\/\/retro-forma.com\/tr\/\",\"logo\":{\"@type\":\"ImageObject\",\"inLanguage\":\"da-DK\",\"@id\":\"https:\/\/retro-forma.com\/tr\/#\/schema\/logo\/image\/\",\"url\":\"https:\/\/retro-forma.com\/tr\/wp-content\/uploads\/2023\/02\/Retro-troeje.png\",\"contentUrl\":\"https:\/\/retro-forma.com\/tr\/wp-content\/uploads\/2023\/02\/Retro-troeje.png\",\"width\":250,\"height\":100,\"caption\":\"Retro Forma\"},\"image\":{\"@id\":\"https:\/\/retro-forma.com\/tr\/#\/schema\/logo\/image\/\"}}]}<\/script>\n<!-- \/ Yoast SEO plugin. -->","yoast_head_json":{"title":"Retro Villarreal forma. Ceket \/ formas\u0131","description":"Villarreal'da, futbol kul\u00fcb\u00fcn\u00fcn k\u00f6kl\u00fc ge\u00e7mi\u015fi ve retro forma se\u00e7enekleri ile kendinizi \u00f6zel hissedin! Villarreal'da, futbol tutkunlar\u0131n\u0131n keyif alaca\u011f\u0131 bir atmosfer var. \u015eimdi, Villarreal'da futbol tutkunu olun ve retro forma se\u00e7eneklerinden birini se\u00e7in!","robots":{"index":"index","follow":"follow","max-snippet":"max-snippet:-1","max-image-preview":"max-image-preview:large","max-video-preview":"max-video-preview:-1"},"canonical":"https:\/\/retro-forma.com\/tr\/ispanya\/villarreal\/","og_locale":"da_DK","og_type":"article","og_title":"Retro Villarreal forma. Ceket \/ formas\u0131","og_description":"Villarreal'da, futbol kul\u00fcb\u00fcn\u00fcn k\u00f6kl\u00fc ge\u00e7mi\u015fi ve retro forma se\u00e7enekleri ile kendinizi \u00f6zel hissedin! Villarreal'da, futbol tutkunlar\u0131n\u0131n keyif alaca\u011f\u0131 bir atmosfer var. \u015eimdi, Villarreal'da futbol tutkunu olun ve retro forma se\u00e7eneklerinden birini se\u00e7in!","og_url":"https:\/\/retro-forma.com\/tr\/ispanya\/villarreal\/","og_site_name":"Retro Forma","og_image":[{"width":150,"height":150,"url":"https:\/\/retro-forma.com\/tr\/wp-content\/uploads\/2023\/02\/533.png","type":"image\/png"}],"twitter_card":"summary_large_image","schema":{"@context":"https:\/\/schema.org","@graph":[{"@type":"WebPage","@id":"https:\/\/retro-forma.com\/tr\/ispanya\/villarreal\/","url":"https:\/\/retro-forma.com\/tr\/ispanya\/villarreal\/","name":"Retro Villarreal forma. Ceket \/ formas\u0131","isPartOf":{"@id":"https:\/\/retro-forma.com\/tr\/#website"},"datePublished":"2023-02-11T10:39:17+00:00","dateModified":"2023-02-11T10:39:17+00:00","description":"Villarreal'da, futbol kul\u00fcb\u00fcn\u00fcn k\u00f6kl\u00fc ge\u00e7mi\u015fi ve retro forma se\u00e7enekleri ile kendinizi \u00f6zel hissedin! Villarreal'da, futbol tutkunlar\u0131n\u0131n keyif alaca\u011f\u0131 bir atmosfer var. \u015eimdi, Villarreal'da futbol tutkunu olun ve retro forma se\u00e7eneklerinden birini se\u00e7in!","breadcrumb":{"@id":"https:\/\/retro-forma.com\/tr\/ispanya\/villarreal\/#breadcrumb"},"inLanguage":"da-DK","potentialAction":[{"@type":"ReadAction","target":["https:\/\/retro-forma.com\/tr\/ispanya\/villarreal\/"]}]},{"@type":"BreadcrumbList","@id":"https:\/\/retro-forma.com\/tr\/ispanya\/villarreal\/#breadcrumb","itemListElement":[{"@type":"ListItem","position":1,"name":"Hjem","item":"https:\/\/retro-forma.com\/tr\/"},{"@type":"ListItem","position":2,"name":"ispanya","item":"https:\/\/retro-forma.com\/tr\/ispanya\/"},{"@type":"ListItem","position":3,"name":"Villarreal"}]},{"@type":"WebSite","@id":"https:\/\/retro-forma.com\/tr\/#website","url":"https:\/\/retro-forma.com\/tr\/","name":"Retro Forma","description":"","publisher":{"@id":"https:\/\/retro-forma.com\/tr\/#organization"},"potentialAction":[{"@type":"SearchAction","target":{"@type":"EntryPoint","urlTemplate":"https:\/\/retro-forma.com\/tr\/?s={search_term_string}"},"query-input":"required name=search_term_string"}],"inLanguage":"da-DK"},{"@type":"Organization","@id":"https:\/\/retro-forma.com\/tr\/#organization","name":"Retro Forma","url":"https:\/\/retro-forma.com\/tr\/","logo":{"@type":"ImageObject","inLanguage":"da-DK","@id":"https:\/\/retro-forma.com\/tr\/#\/schema\/logo\/image\/","url":"https:\/\/retro-forma.com\/tr\/wp-content\/uploads\/2023\/02\/Retro-troeje.png","contentUrl":"https:\/\/retro-forma.com\/tr\/wp-content\/uploads\/2023\/02\/Retro-troeje.png","width":250,"height":100,"caption":"Retro Forma"},"image":{"@id":"https:\/\/retro-forma.com\/tr\/#\/schema\/logo\/image\/"}}]}},"_links":{"self":[{"href":"https:\/\/retro-forma.com\/tr\/wp-json\/wp\/v2\/pages\/172","targetHints":{"allow":["GET"]}}],"collection":[{"href":"https:\/\/retro-forma.com\/tr\/wp-json\/wp\/v2\/pages"}],"about":[{"href":"https:\/\/retro-forma.com\/tr\/wp-json\/wp\/v2\/types\/page"}],"author":[{"embeddable":true,"href":"https:\/\/retro-forma.com\/tr\/wp-json\/wp\/v2\/users\/1"}],"replies":[{"embeddable":true,"href":"https:\/\/retro-forma.com\/tr\/wp-json\/wp\/v2\/comments?post=172"}],"version-history":[{"count":0,"href":"https:\/\/retro-forma.com\/tr\/wp-json\/wp\/v2\/pages\/172\/revisions"}],"up":[{"embeddable":true,"href":"https:\/\/retro-forma.com\/tr\/wp-json\/wp\/v2\/pages\/162"}],"wp:featuredmedia":[{"embeddable":true,"href":"https:\/\/retro-forma.com\/tr\/wp-json\/wp\/v2\/media\/173"}],"wp:attachment":[{"href":"https:\/\/retro-forma.com\/tr\/wp-json\/wp\/v2\/media?parent=172"}],"curies":[{"name":"wp","href":"https:\/\/api.w.org\/{rel}","templated":true}]}}