{"id":137,"date":"2023-02-11T10:25:01","date_gmt":"2023-02-11T10:25:01","guid":{"rendered":"https:\/\/retro-forma.com\/tr\/ingiltere\/everton\/"},"modified":"2023-02-11T10:25:01","modified_gmt":"2023-02-11T10:25:01","slug":"everton","status":"publish","type":"page","link":"https:\/\/retro-forma.com\/tr\/ingiltere\/everton\/","title":{"rendered":"Everton"},"content":{"rendered":"<p>1878 y\u0131l\u0131nda kurulmu\u015ftur. Goodison Park stadyumu 39.572 ki\u015filik kapasitesine sahiptir. Everton&#8217;un k\u0131rm\u0131z\u0131-beyaz renklerindeki retro formas\u0131, kul\u00fcb\u00fcn tarihini ve k\u00f6klerini g\u00f6stermektedir.<\/p>\n<p>&nbsp;<\/p>\n<p>&nbsp;<\/p>\n<p>Stadyum: Goodison Park<\/p>\n<p>Adres: Goodison Road, Liverpool<\/p>\n<p>Kapasite: 40569<\/p>\n<p><img decoding=\"async\" src=\"https:\/\/media.api-sports.io\/football\/venues\/8560.png\" \/><\/p>\n<p>&nbsp;<\/p>\n<p>Temelde: 1878<\/p>\n","protected":false},"excerpt":{"rendered":"<p>Everton, 1878&#8217;de kurulan \u0130ngiltere&#8217;nin en eski futbol kul\u00fcplerinden biridir. Everton, klasik retro formas\u0131yla tan\u0131n\u0131r ve kul\u00fcb\u00fcn tarihi ve ba\u015far\u0131lar\u0131n\u0131 temsil eder. Everton, taraftarlar\u0131n\u0131n g\u00f6z\u00fcnde \u00f6zel bir yere sahiptir ve kul\u00fcb\u00fcn tarihi ve ba\u015far\u0131lar\u0131n\u0131n simgesi olarak kabul edilir.<\/p>\n","protected":false},"author":1,"featured_media":138,"parent":119,"menu_order":0,"comment_status":"open","ping_status":"open","template":"","meta":{"inline_featured_image":false,"footnotes":""},"class_list":["post-137","page","type-page","status-publish","has-post-thumbnail","hentry"],"yoast_head":"<!-- This site is optimized with the Yoast SEO plugin v20.0 - https:\/\/yoast.com\/wordpress\/plugins\/seo\/ -->\n<title>Retro Everton forma. Ceket \/ formas\u0131<\/title>\n<meta name=\"description\" content=\"Retro kul\u00fcp formas\u0131n\u0131n klasik tarz\u0131n\u0131n tad\u0131n\u0131 \u00e7\u0131kar\u0131n! Everton&#039;da klasik retro forma ve di\u011fer \u00fcr\u00fcnleri ke\u015ffedin ve tak\u0131m\u0131n\u0131z\u0131 destekleyin!\" \/>\n<meta name=\"robots\" content=\"index, follow, max-snippet:-1, max-image-preview:large, max-video-preview:-1\" \/>\n<link rel=\"canonical\" href=\"https:\/\/retro-forma.com\/tr\/ingiltere\/everton\/\" \/>\n<meta property=\"og:locale\" content=\"da_DK\" \/>\n<meta property=\"og:type\" content=\"article\" \/>\n<meta property=\"og:title\" content=\"Retro Everton forma. Ceket \/ formas\u0131\" \/>\n<meta property=\"og:description\" content=\"Retro kul\u00fcp formas\u0131n\u0131n klasik tarz\u0131n\u0131n tad\u0131n\u0131 \u00e7\u0131kar\u0131n! Everton&#039;da klasik retro forma ve di\u011fer \u00fcr\u00fcnleri ke\u015ffedin ve tak\u0131m\u0131n\u0131z\u0131 destekleyin!\" \/>\n<meta property=\"og:url\" content=\"https:\/\/retro-forma.com\/tr\/ingiltere\/everton\/\" \/>\n<meta property=\"og:site_name\" content=\"Retro Forma\" \/>\n<meta property=\"og:image\" content=\"https:\/\/retro-forma.com\/tr\/wp-content\/uploads\/2023\/02\/45.png\" \/>\n\t<meta property=\"og:image:width\" content=\"150\" \/>\n\t<meta property=\"og:image:height\" content=\"150\" \/>\n\t<meta property=\"og:image:type\" content=\"image\/png\" \/>\n<meta name=\"twitter:card\" content=\"summary_large_image\" \/>\n<script type=\"application\/ld+json\" class=\"yoast-schema-graph\">{\"@context\":\"https:\/\/schema.org\",\"@graph\":[{\"@type\":\"WebPage\",\"@id\":\"https:\/\/retro-forma.com\/tr\/ingiltere\/everton\/\",\"url\":\"https:\/\/retro-forma.com\/tr\/ingiltere\/everton\/\",\"name\":\"Retro Everton forma. Ceket \/ formas\u0131\",\"isPartOf\":{\"@id\":\"https:\/\/retro-forma.com\/tr\/#website\"},\"datePublished\":\"2023-02-11T10:25:01+00:00\",\"dateModified\":\"2023-02-11T10:25:01+00:00\",\"description\":\"Retro kul\u00fcp formas\u0131n\u0131n klasik tarz\u0131n\u0131n tad\u0131n\u0131 \u00e7\u0131kar\u0131n! Everton'da klasik retro forma ve di\u011fer \u00fcr\u00fcnleri ke\u015ffedin ve tak\u0131m\u0131n\u0131z\u0131 destekleyin!\",\"breadcrumb\":{\"@id\":\"https:\/\/retro-forma.com\/tr\/ingiltere\/everton\/#breadcrumb\"},\"inLanguage\":\"da-DK\",\"potentialAction\":[{\"@type\":\"ReadAction\",\"target\":[\"https:\/\/retro-forma.com\/tr\/ingiltere\/everton\/\"]}]},{\"@type\":\"BreadcrumbList\",\"@id\":\"https:\/\/retro-forma.com\/tr\/ingiltere\/everton\/#breadcrumb\",\"itemListElement\":[{\"@type\":\"ListItem\",\"position\":1,\"name\":\"Hjem\",\"item\":\"https:\/\/retro-forma.com\/tr\/\"},{\"@type\":\"ListItem\",\"position\":2,\"name\":\"\u0130ngiltere\",\"item\":\"https:\/\/retro-forma.com\/tr\/ingiltere\/\"},{\"@type\":\"ListItem\",\"position\":3,\"name\":\"Everton\"}]},{\"@type\":\"WebSite\",\"@id\":\"https:\/\/retro-forma.com\/tr\/#website\",\"url\":\"https:\/\/retro-forma.com\/tr\/\",\"name\":\"Retro Forma\",\"description\":\"\",\"publisher\":{\"@id\":\"https:\/\/retro-forma.com\/tr\/#organization\"},\"potentialAction\":[{\"@type\":\"SearchAction\",\"target\":{\"@type\":\"EntryPoint\",\"urlTemplate\":\"https:\/\/retro-forma.com\/tr\/?s={search_term_string}\"},\"query-input\":\"required name=search_term_string\"}],\"inLanguage\":\"da-DK\"},{\"@type\":\"Organization\",\"@id\":\"https:\/\/retro-forma.com\/tr\/#organization\",\"name\":\"Retro Forma\",\"url\":\"https:\/\/retro-forma.com\/tr\/\",\"logo\":{\"@type\":\"ImageObject\",\"inLanguage\":\"da-DK\",\"@id\":\"https:\/\/retro-forma.com\/tr\/#\/schema\/logo\/image\/\",\"url\":\"https:\/\/retro-forma.com\/tr\/wp-content\/uploads\/2023\/02\/Retro-troeje.png\",\"contentUrl\":\"https:\/\/retro-forma.com\/tr\/wp-content\/uploads\/2023\/02\/Retro-troeje.png\",\"width\":250,\"height\":100,\"caption\":\"Retro Forma\"},\"image\":{\"@id\":\"https:\/\/retro-forma.com\/tr\/#\/schema\/logo\/image\/\"}}]}<\/script>\n<!-- \/ Yoast SEO plugin. -->","yoast_head_json":{"title":"Retro Everton forma. Ceket \/ formas\u0131","description":"Retro kul\u00fcp formas\u0131n\u0131n klasik tarz\u0131n\u0131n tad\u0131n\u0131 \u00e7\u0131kar\u0131n! Everton'da klasik retro forma ve di\u011fer \u00fcr\u00fcnleri ke\u015ffedin ve tak\u0131m\u0131n\u0131z\u0131 destekleyin!","robots":{"index":"index","follow":"follow","max-snippet":"max-snippet:-1","max-image-preview":"max-image-preview:large","max-video-preview":"max-video-preview:-1"},"canonical":"https:\/\/retro-forma.com\/tr\/ingiltere\/everton\/","og_locale":"da_DK","og_type":"article","og_title":"Retro Everton forma. Ceket \/ formas\u0131","og_description":"Retro kul\u00fcp formas\u0131n\u0131n klasik tarz\u0131n\u0131n tad\u0131n\u0131 \u00e7\u0131kar\u0131n! Everton'da klasik retro forma ve di\u011fer \u00fcr\u00fcnleri ke\u015ffedin ve tak\u0131m\u0131n\u0131z\u0131 destekleyin!","og_url":"https:\/\/retro-forma.com\/tr\/ingiltere\/everton\/","og_site_name":"Retro Forma","og_image":[{"width":150,"height":150,"url":"https:\/\/retro-forma.com\/tr\/wp-content\/uploads\/2023\/02\/45.png","type":"image\/png"}],"twitter_card":"summary_large_image","schema":{"@context":"https:\/\/schema.org","@graph":[{"@type":"WebPage","@id":"https:\/\/retro-forma.com\/tr\/ingiltere\/everton\/","url":"https:\/\/retro-forma.com\/tr\/ingiltere\/everton\/","name":"Retro Everton forma. Ceket \/ formas\u0131","isPartOf":{"@id":"https:\/\/retro-forma.com\/tr\/#website"},"datePublished":"2023-02-11T10:25:01+00:00","dateModified":"2023-02-11T10:25:01+00:00","description":"Retro kul\u00fcp formas\u0131n\u0131n klasik tarz\u0131n\u0131n tad\u0131n\u0131 \u00e7\u0131kar\u0131n! Everton'da klasik retro forma ve di\u011fer \u00fcr\u00fcnleri ke\u015ffedin ve tak\u0131m\u0131n\u0131z\u0131 destekleyin!","breadcrumb":{"@id":"https:\/\/retro-forma.com\/tr\/ingiltere\/everton\/#breadcrumb"},"inLanguage":"da-DK","potentialAction":[{"@type":"ReadAction","target":["https:\/\/retro-forma.com\/tr\/ingiltere\/everton\/"]}]},{"@type":"BreadcrumbList","@id":"https:\/\/retro-forma.com\/tr\/ingiltere\/everton\/#breadcrumb","itemListElement":[{"@type":"ListItem","position":1,"name":"Hjem","item":"https:\/\/retro-forma.com\/tr\/"},{"@type":"ListItem","position":2,"name":"\u0130ngiltere","item":"https:\/\/retro-forma.com\/tr\/ingiltere\/"},{"@type":"ListItem","position":3,"name":"Everton"}]},{"@type":"WebSite","@id":"https:\/\/retro-forma.com\/tr\/#website","url":"https:\/\/retro-forma.com\/tr\/","name":"Retro Forma","description":"","publisher":{"@id":"https:\/\/retro-forma.com\/tr\/#organization"},"potentialAction":[{"@type":"SearchAction","target":{"@type":"EntryPoint","urlTemplate":"https:\/\/retro-forma.com\/tr\/?s={search_term_string}"},"query-input":"required name=search_term_string"}],"inLanguage":"da-DK"},{"@type":"Organization","@id":"https:\/\/retro-forma.com\/tr\/#organization","name":"Retro Forma","url":"https:\/\/retro-forma.com\/tr\/","logo":{"@type":"ImageObject","inLanguage":"da-DK","@id":"https:\/\/retro-forma.com\/tr\/#\/schema\/logo\/image\/","url":"https:\/\/retro-forma.com\/tr\/wp-content\/uploads\/2023\/02\/Retro-troeje.png","contentUrl":"https:\/\/retro-forma.com\/tr\/wp-content\/uploads\/2023\/02\/Retro-troeje.png","width":250,"height":100,"caption":"Retro Forma"},"image":{"@id":"https:\/\/retro-forma.com\/tr\/#\/schema\/logo\/image\/"}}]}},"_links":{"self":[{"href":"https:\/\/retro-forma.com\/tr\/wp-json\/wp\/v2\/pages\/137","targetHints":{"allow":["GET"]}}],"collection":[{"href":"https:\/\/retro-forma.com\/tr\/wp-json\/wp\/v2\/pages"}],"about":[{"href":"https:\/\/retro-forma.com\/tr\/wp-json\/wp\/v2\/types\/page"}],"author":[{"embeddable":true,"href":"https:\/\/retro-forma.com\/tr\/wp-json\/wp\/v2\/users\/1"}],"replies":[{"embeddable":true,"href":"https:\/\/retro-forma.com\/tr\/wp-json\/wp\/v2\/comments?post=137"}],"version-history":[{"count":0,"href":"https:\/\/retro-forma.com\/tr\/wp-json\/wp\/v2\/pages\/137\/revisions"}],"up":[{"embeddable":true,"href":"https:\/\/retro-forma.com\/tr\/wp-json\/wp\/v2\/pages\/119"}],"wp:featuredmedia":[{"embeddable":true,"href":"https:\/\/retro-forma.com\/tr\/wp-json\/wp\/v2\/media\/138"}],"wp:attachment":[{"href":"https:\/\/retro-forma.com\/tr\/wp-json\/wp\/v2\/media?parent=137"}],"curies":[{"name":"wp","href":"https:\/\/api.w.org\/{rel}","templated":true}]}}